{"id":1217,"date":"2024-07-01T14:08:09","date_gmt":"2024-07-01T12:08:09","guid":{"rendered":"https:\/\/adventurecommunication.com\/?post_type=product&#038;p=1217"},"modified":"2024-11-11T04:49:05","modified_gmt":"2024-11-11T03:49:05","slug":"audi-r8-decenium","status":"publish","type":"product","link":"https:\/\/adventurecommunication.com\/index.php\/produit\/audi-r8-decenium\/","title":{"rendered":"Audi R8 Decenium"},"content":{"rendered":"<p>L&rsquo;Audi R8, lanc\u00e9e en 2006, est une voiture de sport inspir\u00e9e par les succ\u00e8s d&rsquo;Audi aux 24 Heures du Mans. Elle a d\u00e9but\u00e9 avec un moteur V8, rapidement suivi d&rsquo;un V10, offrant une performance et une maniabilit\u00e9 exceptionnelles. La R8 se distingue par sa construction en aluminium, son design audacieux et sa technologie quattro. En 2015, la seconde g\u00e9n\u00e9ration a introduit des am\u00e9liorations en puissance et en technologie, y compris des versions sp\u00e9ciales comme la R8 GT et la R8 e-tron \u00e9lectrique. L&rsquo;Audi R8 reste une ic\u00f4ne de performance et d&rsquo;innovation dans le segment des supercars.<\/p>\n","protected":false},"excerpt":{"rendered":"<p>Version num\u00e9rique<\/p>\n","protected":false},"featured_media":1142,"comment_status":"open","ping_status":"closed","template":"","meta":{"om_disable_all_campaigns":false,"inline_featured_image":false},"product_brand":[],"product_cat":[44],"product_tag":[],"class_list":{"0":"post-1217","1":"product","2":"type-product","3":"status-publish","4":"has-post-thumbnail","6":"product_cat-automobile","8":"first","9":"instock","10":"downloadable","11":"shipping-taxable","12":"purchasable","13":"product-type-simple"},"yoast_head":"<!-- This site is optimized with the Yoast SEO plugin v27.3 - https:\/\/yoast.com\/product\/yoast-seo-wordpress\/ -->\n<title>Audi R8 Decenium - Adventure communication<\/title>\n<meta name=\"robots\" content=\"index, follow, max-snippet:-1, max-image-preview:large, max-video-preview:-1\" \/>\n<link rel=\"canonical\" href=\"https:\/\/adventurecommunication.com\/index.php\/produit\/audi-r8-decenium\/\" \/>\n<meta property=\"og:locale\" content=\"fr_FR\" \/>\n<meta property=\"og:type\" content=\"article\" \/>\n<meta property=\"og:title\" content=\"Audi R8 Decenium - Adventure communication\" \/>\n<meta property=\"og:description\" content=\"Version num\u00e9rique\" \/>\n<meta property=\"og:url\" content=\"https:\/\/adventurecommunication.com\/index.php\/produit\/audi-r8-decenium\/\" \/>\n<meta property=\"og:site_name\" content=\"Adventure communication\" \/>\n<meta property=\"article:publisher\" content=\"https:\/\/www.facebook.com\/profile.php?id=100083773398221\" \/>\n<meta property=\"article:modified_time\" content=\"2024-11-11T03:49:05+00:00\" \/>\n<meta property=\"og:image\" content=\"https:\/\/adventurecommunication.com\/wp-content\/uploads\/2024\/07\/posterdecenium.jpg\" \/>\n\t<meta property=\"og:image:width\" content=\"1920\" \/>\n\t<meta property=\"og:image:height\" content=\"1281\" \/>\n\t<meta property=\"og:image:type\" content=\"image\/jpeg\" \/>\n<meta name=\"twitter:card\" content=\"summary_large_image\" \/>\n<meta name=\"twitter:label1\" content=\"Dur\u00e9e de lecture estim\u00e9e\" \/>\n\t<meta name=\"twitter:data1\" content=\"1 minute\" \/>\n<script type=\"application\/ld+json\" class=\"yoast-schema-graph\">{\"@context\":\"https:\\\/\\\/schema.org\",\"@graph\":[{\"@type\":\"WebPage\",\"@id\":\"https:\\\/\\\/adventurecommunication.com\\\/index.php\\\/produit\\\/audi-r8-decenium\\\/\",\"url\":\"https:\\\/\\\/adventurecommunication.com\\\/index.php\\\/produit\\\/audi-r8-decenium\\\/\",\"name\":\"Audi R8 Decenium - Adventure communication\",\"isPartOf\":{\"@id\":\"http:\\\/\\\/adventurecommunication.com\\\/#website\"},\"primaryImageOfPage\":{\"@id\":\"https:\\\/\\\/adventurecommunication.com\\\/index.php\\\/produit\\\/audi-r8-decenium\\\/#primaryimage\"},\"image\":{\"@id\":\"https:\\\/\\\/adventurecommunication.com\\\/index.php\\\/produit\\\/audi-r8-decenium\\\/#primaryimage\"},\"thumbnailUrl\":\"https:\\\/\\\/adventurecommunication.com\\\/wp-content\\\/uploads\\\/2024\\\/07\\\/posterdecenium.jpg\",\"datePublished\":\"2024-07-01T12:08:09+00:00\",\"dateModified\":\"2024-11-11T03:49:05+00:00\",\"breadcrumb\":{\"@id\":\"https:\\\/\\\/adventurecommunication.com\\\/index.php\\\/produit\\\/audi-r8-decenium\\\/#breadcrumb\"},\"inLanguage\":\"fr-FR\",\"potentialAction\":[{\"@type\":\"ReadAction\",\"target\":[\"https:\\\/\\\/adventurecommunication.com\\\/index.php\\\/produit\\\/audi-r8-decenium\\\/\"]}]},{\"@type\":\"ImageObject\",\"inLanguage\":\"fr-FR\",\"@id\":\"https:\\\/\\\/adventurecommunication.com\\\/index.php\\\/produit\\\/audi-r8-decenium\\\/#primaryimage\",\"url\":\"https:\\\/\\\/adventurecommunication.com\\\/wp-content\\\/uploads\\\/2024\\\/07\\\/posterdecenium.jpg\",\"contentUrl\":\"https:\\\/\\\/adventurecommunication.com\\\/wp-content\\\/uploads\\\/2024\\\/07\\\/posterdecenium.jpg\",\"width\":1920,\"height\":1281},{\"@type\":\"BreadcrumbList\",\"@id\":\"https:\\\/\\\/adventurecommunication.com\\\/index.php\\\/produit\\\/audi-r8-decenium\\\/#breadcrumb\",\"itemListElement\":[{\"@type\":\"ListItem\",\"position\":1,\"name\":\"Accueil\",\"item\":\"http:\\\/\\\/adventurecommunication.com\\\/\"},{\"@type\":\"ListItem\",\"position\":2,\"name\":\"Boutique\",\"item\":\"http:\\\/\\\/adventurecommunication.com\\\/index.php\\\/boutique\\\/\"},{\"@type\":\"ListItem\",\"position\":3,\"name\":\"Audi R8 Decenium\"}]},{\"@type\":\"WebSite\",\"@id\":\"http:\\\/\\\/adventurecommunication.com\\\/#website\",\"url\":\"http:\\\/\\\/adventurecommunication.com\\\/\",\"name\":\"Adventure communication\",\"description\":\"Vivez votre aventure\",\"publisher\":{\"@id\":\"http:\\\/\\\/adventurecommunication.com\\\/#organization\"},\"potentialAction\":[{\"@type\":\"SearchAction\",\"target\":{\"@type\":\"EntryPoint\",\"urlTemplate\":\"http:\\\/\\\/adventurecommunication.com\\\/?s={search_term_string}\"},\"query-input\":{\"@type\":\"PropertyValueSpecification\",\"valueRequired\":true,\"valueName\":\"search_term_string\"}}],\"inLanguage\":\"fr-FR\"},{\"@type\":\"Organization\",\"@id\":\"http:\\\/\\\/adventurecommunication.com\\\/#organization\",\"name\":\"Adventure Communication\",\"url\":\"http:\\\/\\\/adventurecommunication.com\\\/\",\"logo\":{\"@type\":\"ImageObject\",\"inLanguage\":\"fr-FR\",\"@id\":\"http:\\\/\\\/adventurecommunication.com\\\/#\\\/schema\\\/logo\\\/image\\\/\",\"url\":\"http:\\\/\\\/adventurecommunication.com\\\/wp-content\\\/uploads\\\/2022\\\/10\\\/Adventure_icon.jpg\",\"contentUrl\":\"http:\\\/\\\/adventurecommunication.com\\\/wp-content\\\/uploads\\\/2022\\\/10\\\/Adventure_icon.jpg\",\"width\":512,\"height\":512,\"caption\":\"Adventure Communication\"},\"image\":{\"@id\":\"http:\\\/\\\/adventurecommunication.com\\\/#\\\/schema\\\/logo\\\/image\\\/\"},\"sameAs\":[\"https:\\\/\\\/www.facebook.com\\\/profile.php?id=100083773398221\",\"https:\\\/\\\/www.youtube.com\\\/channel\\\/UCs6Z7aQND2ypC6eGsdFLXsA\",\"https:\\\/\\\/www.instagram.com\\\/adventure.communication\\\/\",\"https:\\\/\\\/www.linkedin.com\\\/company\\\/adventurecomunication\\\/\"]}]}<\/script>\n<!-- \/ Yoast SEO plugin. -->","yoast_head_json":{"title":"Audi R8 Decenium - Adventure communication","robots":{"index":"index","follow":"follow","max-snippet":"max-snippet:-1","max-image-preview":"max-image-preview:large","max-video-preview":"max-video-preview:-1"},"canonical":"https:\/\/adventurecommunication.com\/index.php\/produit\/audi-r8-decenium\/","og_locale":"fr_FR","og_type":"article","og_title":"Audi R8 Decenium - Adventure communication","og_description":"Version num\u00e9rique","og_url":"https:\/\/adventurecommunication.com\/index.php\/produit\/audi-r8-decenium\/","og_site_name":"Adventure communication","article_publisher":"https:\/\/www.facebook.com\/profile.php?id=100083773398221","article_modified_time":"2024-11-11T03:49:05+00:00","og_image":[{"width":1920,"height":1281,"url":"https:\/\/adventurecommunication.com\/wp-content\/uploads\/2024\/07\/posterdecenium.jpg","type":"image\/jpeg"}],"twitter_card":"summary_large_image","twitter_misc":{"Dur\u00e9e de lecture estim\u00e9e":"1 minute"},"schema":{"@context":"https:\/\/schema.org","@graph":[{"@type":"WebPage","@id":"https:\/\/adventurecommunication.com\/index.php\/produit\/audi-r8-decenium\/","url":"https:\/\/adventurecommunication.com\/index.php\/produit\/audi-r8-decenium\/","name":"Audi R8 Decenium - Adventure communication","isPartOf":{"@id":"http:\/\/adventurecommunication.com\/#website"},"primaryImageOfPage":{"@id":"https:\/\/adventurecommunication.com\/index.php\/produit\/audi-r8-decenium\/#primaryimage"},"image":{"@id":"https:\/\/adventurecommunication.com\/index.php\/produit\/audi-r8-decenium\/#primaryimage"},"thumbnailUrl":"https:\/\/adventurecommunication.com\/wp-content\/uploads\/2024\/07\/posterdecenium.jpg","datePublished":"2024-07-01T12:08:09+00:00","dateModified":"2024-11-11T03:49:05+00:00","breadcrumb":{"@id":"https:\/\/adventurecommunication.com\/index.php\/produit\/audi-r8-decenium\/#breadcrumb"},"inLanguage":"fr-FR","potentialAction":[{"@type":"ReadAction","target":["https:\/\/adventurecommunication.com\/index.php\/produit\/audi-r8-decenium\/"]}]},{"@type":"ImageObject","inLanguage":"fr-FR","@id":"https:\/\/adventurecommunication.com\/index.php\/produit\/audi-r8-decenium\/#primaryimage","url":"https:\/\/adventurecommunication.com\/wp-content\/uploads\/2024\/07\/posterdecenium.jpg","contentUrl":"https:\/\/adventurecommunication.com\/wp-content\/uploads\/2024\/07\/posterdecenium.jpg","width":1920,"height":1281},{"@type":"BreadcrumbList","@id":"https:\/\/adventurecommunication.com\/index.php\/produit\/audi-r8-decenium\/#breadcrumb","itemListElement":[{"@type":"ListItem","position":1,"name":"Accueil","item":"http:\/\/adventurecommunication.com\/"},{"@type":"ListItem","position":2,"name":"Boutique","item":"http:\/\/adventurecommunication.com\/index.php\/boutique\/"},{"@type":"ListItem","position":3,"name":"Audi R8 Decenium"}]},{"@type":"WebSite","@id":"http:\/\/adventurecommunication.com\/#website","url":"http:\/\/adventurecommunication.com\/","name":"Adventure communication","description":"Vivez votre aventure","publisher":{"@id":"http:\/\/adventurecommunication.com\/#organization"},"potentialAction":[{"@type":"SearchAction","target":{"@type":"EntryPoint","urlTemplate":"http:\/\/adventurecommunication.com\/?s={search_term_string}"},"query-input":{"@type":"PropertyValueSpecification","valueRequired":true,"valueName":"search_term_string"}}],"inLanguage":"fr-FR"},{"@type":"Organization","@id":"http:\/\/adventurecommunication.com\/#organization","name":"Adventure Communication","url":"http:\/\/adventurecommunication.com\/","logo":{"@type":"ImageObject","inLanguage":"fr-FR","@id":"http:\/\/adventurecommunication.com\/#\/schema\/logo\/image\/","url":"http:\/\/adventurecommunication.com\/wp-content\/uploads\/2022\/10\/Adventure_icon.jpg","contentUrl":"http:\/\/adventurecommunication.com\/wp-content\/uploads\/2022\/10\/Adventure_icon.jpg","width":512,"height":512,"caption":"Adventure Communication"},"image":{"@id":"http:\/\/adventurecommunication.com\/#\/schema\/logo\/image\/"},"sameAs":["https:\/\/www.facebook.com\/profile.php?id=100083773398221","https:\/\/www.youtube.com\/channel\/UCs6Z7aQND2ypC6eGsdFLXsA","https:\/\/www.instagram.com\/adventure.communication\/","https:\/\/www.linkedin.com\/company\/adventurecomunication\/"]}]}},"jetpack_sharing_enabled":true,"_links":{"self":[{"href":"https:\/\/adventurecommunication.com\/index.php\/wp-json\/wp\/v2\/product\/1217","targetHints":{"allow":["GET"]}}],"collection":[{"href":"https:\/\/adventurecommunication.com\/index.php\/wp-json\/wp\/v2\/product"}],"about":[{"href":"https:\/\/adventurecommunication.com\/index.php\/wp-json\/wp\/v2\/types\/product"}],"replies":[{"embeddable":true,"href":"https:\/\/adventurecommunication.com\/index.php\/wp-json\/wp\/v2\/comments?post=1217"}],"wp:featuredmedia":[{"embeddable":true,"href":"https:\/\/adventurecommunication.com\/index.php\/wp-json\/wp\/v2\/media\/1142"}],"wp:attachment":[{"href":"https:\/\/adventurecommunication.com\/index.php\/wp-json\/wp\/v2\/media?parent=1217"}],"wp:term":[{"taxonomy":"product_brand","embeddable":true,"href":"https:\/\/adventurecommunication.com\/index.php\/wp-json\/wp\/v2\/product_brand?post=1217"},{"taxonomy":"product_cat","embeddable":true,"href":"https:\/\/adventurecommunication.com\/index.php\/wp-json\/wp\/v2\/product_cat?post=1217"},{"taxonomy":"product_tag","embeddable":true,"href":"https:\/\/adventurecommunication.com\/index.php\/wp-json\/wp\/v2\/product_tag?post=1217"}],"curies":[{"name":"wp","href":"https:\/\/api.w.org\/{rel}","templated":true}]}}