{"id":1209,"date":"2024-07-01T13:49:51","date_gmt":"2024-07-01T11:49:51","guid":{"rendered":"https:\/\/adventurecommunication.com\/?post_type=product&#038;p=1209"},"modified":"2025-04-12T13:10:10","modified_gmt":"2025-04-12T11:10:10","slug":"megane-4-rs-trophy","status":"publish","type":"product","link":"https:\/\/adventurecommunication.com\/index.php\/produit\/megane-4-rs-trophy\/","title":{"rendered":"M\u00e9gane 4 RS Trophy"},"content":{"rendered":"<p>La Renault M\u00e9gane 4 RS Trophy est une voiture de sport compacte \u00e9quip\u00e9e d&rsquo;un moteur turbo quatre cylindres de 1,8 litre, produisant 300 chevaux. Elle acc\u00e9l\u00e8re de 0 \u00e0 100 km\/h en 5,7 secondes et atteint une vitesse maximale de 260 km\/h. Dot\u00e9e de suspensions sport Cup, d&rsquo;un diff\u00e9rentiel \u00e0 glissement limit\u00e9 Torsen et de freins Brembo, elle offre une conduite dynamique et pr\u00e9cise. L&rsquo;int\u00e9rieur sportif comprend des si\u00e8ges Recaro, des finitions en Alcantara et un syst\u00e8me d&rsquo;infodivertissement moderne. La M\u00e9gane 4 RS Trophy combine performance, agilit\u00e9 et technologie avanc\u00e9e dans un design compact et \u00e9l\u00e9gant.<\/p>\n","protected":false},"excerpt":{"rendered":"<p>Version num\u00e9rique<\/p>\n","protected":false},"featured_media":1150,"comment_status":"open","ping_status":"closed","template":"","meta":{"om_disable_all_campaigns":false,"inline_featured_image":false},"product_brand":[],"product_cat":[44],"product_tag":[],"class_list":{"0":"post-1209","1":"product","2":"type-product","3":"status-publish","4":"has-post-thumbnail","6":"product_cat-automobile","8":"first","9":"instock","10":"downloadable","11":"shipping-taxable","12":"purchasable","13":"product-type-simple"},"yoast_head":"<!-- This site is optimized with the Yoast SEO plugin v27.3 - https:\/\/yoast.com\/product\/yoast-seo-wordpress\/ -->\n<title>M\u00e9gane 4 RS Trophy - Adventure communication<\/title>\n<meta name=\"robots\" content=\"index, follow, max-snippet:-1, max-image-preview:large, max-video-preview:-1\" \/>\n<link rel=\"canonical\" href=\"https:\/\/adventurecommunication.com\/index.php\/produit\/megane-4-rs-trophy\/\" \/>\n<meta property=\"og:locale\" content=\"fr_FR\" \/>\n<meta property=\"og:type\" content=\"article\" \/>\n<meta property=\"og:title\" content=\"M\u00e9gane 4 RS Trophy - Adventure communication\" \/>\n<meta property=\"og:description\" content=\"Version num\u00e9rique\" \/>\n<meta property=\"og:url\" content=\"https:\/\/adventurecommunication.com\/index.php\/produit\/megane-4-rs-trophy\/\" \/>\n<meta property=\"og:site_name\" content=\"Adventure communication\" \/>\n<meta property=\"article:publisher\" content=\"https:\/\/www.facebook.com\/profile.php?id=100083773398221\" \/>\n<meta property=\"article:modified_time\" content=\"2025-04-12T11:10:10+00:00\" \/>\n<meta property=\"og:image\" content=\"https:\/\/adventurecommunication.com\/wp-content\/uploads\/2024\/07\/POSTERmegane4RS.jpg\" \/>\n\t<meta property=\"og:image:width\" content=\"1920\" \/>\n\t<meta property=\"og:image:height\" content=\"1281\" \/>\n\t<meta property=\"og:image:type\" content=\"image\/jpeg\" \/>\n<meta name=\"twitter:card\" content=\"summary_large_image\" \/>\n<meta name=\"twitter:label1\" content=\"Dur\u00e9e de lecture estim\u00e9e\" \/>\n\t<meta name=\"twitter:data1\" content=\"1 minute\" \/>\n<script type=\"application\/ld+json\" class=\"yoast-schema-graph\">{\"@context\":\"https:\\\/\\\/schema.org\",\"@graph\":[{\"@type\":\"WebPage\",\"@id\":\"https:\\\/\\\/adventurecommunication.com\\\/index.php\\\/produit\\\/megane-4-rs-trophy\\\/\",\"url\":\"https:\\\/\\\/adventurecommunication.com\\\/index.php\\\/produit\\\/megane-4-rs-trophy\\\/\",\"name\":\"M\u00e9gane 4 RS Trophy - Adventure communication\",\"isPartOf\":{\"@id\":\"http:\\\/\\\/adventurecommunication.com\\\/#website\"},\"primaryImageOfPage\":{\"@id\":\"https:\\\/\\\/adventurecommunication.com\\\/index.php\\\/produit\\\/megane-4-rs-trophy\\\/#primaryimage\"},\"image\":{\"@id\":\"https:\\\/\\\/adventurecommunication.com\\\/index.php\\\/produit\\\/megane-4-rs-trophy\\\/#primaryimage\"},\"thumbnailUrl\":\"https:\\\/\\\/adventurecommunication.com\\\/wp-content\\\/uploads\\\/2024\\\/07\\\/POSTERmegane4RS.jpg\",\"datePublished\":\"2024-07-01T11:49:51+00:00\",\"dateModified\":\"2025-04-12T11:10:10+00:00\",\"breadcrumb\":{\"@id\":\"https:\\\/\\\/adventurecommunication.com\\\/index.php\\\/produit\\\/megane-4-rs-trophy\\\/#breadcrumb\"},\"inLanguage\":\"fr-FR\",\"potentialAction\":[{\"@type\":\"ReadAction\",\"target\":[\"https:\\\/\\\/adventurecommunication.com\\\/index.php\\\/produit\\\/megane-4-rs-trophy\\\/\"]}]},{\"@type\":\"ImageObject\",\"inLanguage\":\"fr-FR\",\"@id\":\"https:\\\/\\\/adventurecommunication.com\\\/index.php\\\/produit\\\/megane-4-rs-trophy\\\/#primaryimage\",\"url\":\"https:\\\/\\\/adventurecommunication.com\\\/wp-content\\\/uploads\\\/2024\\\/07\\\/POSTERmegane4RS.jpg\",\"contentUrl\":\"https:\\\/\\\/adventurecommunication.com\\\/wp-content\\\/uploads\\\/2024\\\/07\\\/POSTERmegane4RS.jpg\",\"width\":1920,\"height\":1281},{\"@type\":\"BreadcrumbList\",\"@id\":\"https:\\\/\\\/adventurecommunication.com\\\/index.php\\\/produit\\\/megane-4-rs-trophy\\\/#breadcrumb\",\"itemListElement\":[{\"@type\":\"ListItem\",\"position\":1,\"name\":\"Accueil\",\"item\":\"http:\\\/\\\/adventurecommunication.com\\\/\"},{\"@type\":\"ListItem\",\"position\":2,\"name\":\"Boutique\",\"item\":\"http:\\\/\\\/adventurecommunication.com\\\/index.php\\\/boutique\\\/\"},{\"@type\":\"ListItem\",\"position\":3,\"name\":\"M\u00e9gane 4 RS Trophy\"}]},{\"@type\":\"WebSite\",\"@id\":\"http:\\\/\\\/adventurecommunication.com\\\/#website\",\"url\":\"http:\\\/\\\/adventurecommunication.com\\\/\",\"name\":\"Adventure communication\",\"description\":\"Vivez votre aventure\",\"publisher\":{\"@id\":\"http:\\\/\\\/adventurecommunication.com\\\/#organization\"},\"potentialAction\":[{\"@type\":\"SearchAction\",\"target\":{\"@type\":\"EntryPoint\",\"urlTemplate\":\"http:\\\/\\\/adventurecommunication.com\\\/?s={search_term_string}\"},\"query-input\":{\"@type\":\"PropertyValueSpecification\",\"valueRequired\":true,\"valueName\":\"search_term_string\"}}],\"inLanguage\":\"fr-FR\"},{\"@type\":\"Organization\",\"@id\":\"http:\\\/\\\/adventurecommunication.com\\\/#organization\",\"name\":\"Adventure Communication\",\"url\":\"http:\\\/\\\/adventurecommunication.com\\\/\",\"logo\":{\"@type\":\"ImageObject\",\"inLanguage\":\"fr-FR\",\"@id\":\"http:\\\/\\\/adventurecommunication.com\\\/#\\\/schema\\\/logo\\\/image\\\/\",\"url\":\"http:\\\/\\\/adventurecommunication.com\\\/wp-content\\\/uploads\\\/2022\\\/10\\\/Adventure_icon.jpg\",\"contentUrl\":\"http:\\\/\\\/adventurecommunication.com\\\/wp-content\\\/uploads\\\/2022\\\/10\\\/Adventure_icon.jpg\",\"width\":512,\"height\":512,\"caption\":\"Adventure Communication\"},\"image\":{\"@id\":\"http:\\\/\\\/adventurecommunication.com\\\/#\\\/schema\\\/logo\\\/image\\\/\"},\"sameAs\":[\"https:\\\/\\\/www.facebook.com\\\/profile.php?id=100083773398221\",\"https:\\\/\\\/www.youtube.com\\\/channel\\\/UCs6Z7aQND2ypC6eGsdFLXsA\",\"https:\\\/\\\/www.instagram.com\\\/adventure.communication\\\/\",\"https:\\\/\\\/www.linkedin.com\\\/company\\\/adventurecomunication\\\/\"]}]}<\/script>\n<!-- \/ Yoast SEO plugin. -->","yoast_head_json":{"title":"M\u00e9gane 4 RS Trophy - Adventure communication","robots":{"index":"index","follow":"follow","max-snippet":"max-snippet:-1","max-image-preview":"max-image-preview:large","max-video-preview":"max-video-preview:-1"},"canonical":"https:\/\/adventurecommunication.com\/index.php\/produit\/megane-4-rs-trophy\/","og_locale":"fr_FR","og_type":"article","og_title":"M\u00e9gane 4 RS Trophy - Adventure communication","og_description":"Version num\u00e9rique","og_url":"https:\/\/adventurecommunication.com\/index.php\/produit\/megane-4-rs-trophy\/","og_site_name":"Adventure communication","article_publisher":"https:\/\/www.facebook.com\/profile.php?id=100083773398221","article_modified_time":"2025-04-12T11:10:10+00:00","og_image":[{"width":1920,"height":1281,"url":"https:\/\/adventurecommunication.com\/wp-content\/uploads\/2024\/07\/POSTERmegane4RS.jpg","type":"image\/jpeg"}],"twitter_card":"summary_large_image","twitter_misc":{"Dur\u00e9e de lecture estim\u00e9e":"1 minute"},"schema":{"@context":"https:\/\/schema.org","@graph":[{"@type":"WebPage","@id":"https:\/\/adventurecommunication.com\/index.php\/produit\/megane-4-rs-trophy\/","url":"https:\/\/adventurecommunication.com\/index.php\/produit\/megane-4-rs-trophy\/","name":"M\u00e9gane 4 RS Trophy - Adventure communication","isPartOf":{"@id":"http:\/\/adventurecommunication.com\/#website"},"primaryImageOfPage":{"@id":"https:\/\/adventurecommunication.com\/index.php\/produit\/megane-4-rs-trophy\/#primaryimage"},"image":{"@id":"https:\/\/adventurecommunication.com\/index.php\/produit\/megane-4-rs-trophy\/#primaryimage"},"thumbnailUrl":"https:\/\/adventurecommunication.com\/wp-content\/uploads\/2024\/07\/POSTERmegane4RS.jpg","datePublished":"2024-07-01T11:49:51+00:00","dateModified":"2025-04-12T11:10:10+00:00","breadcrumb":{"@id":"https:\/\/adventurecommunication.com\/index.php\/produit\/megane-4-rs-trophy\/#breadcrumb"},"inLanguage":"fr-FR","potentialAction":[{"@type":"ReadAction","target":["https:\/\/adventurecommunication.com\/index.php\/produit\/megane-4-rs-trophy\/"]}]},{"@type":"ImageObject","inLanguage":"fr-FR","@id":"https:\/\/adventurecommunication.com\/index.php\/produit\/megane-4-rs-trophy\/#primaryimage","url":"https:\/\/adventurecommunication.com\/wp-content\/uploads\/2024\/07\/POSTERmegane4RS.jpg","contentUrl":"https:\/\/adventurecommunication.com\/wp-content\/uploads\/2024\/07\/POSTERmegane4RS.jpg","width":1920,"height":1281},{"@type":"BreadcrumbList","@id":"https:\/\/adventurecommunication.com\/index.php\/produit\/megane-4-rs-trophy\/#breadcrumb","itemListElement":[{"@type":"ListItem","position":1,"name":"Accueil","item":"http:\/\/adventurecommunication.com\/"},{"@type":"ListItem","position":2,"name":"Boutique","item":"http:\/\/adventurecommunication.com\/index.php\/boutique\/"},{"@type":"ListItem","position":3,"name":"M\u00e9gane 4 RS Trophy"}]},{"@type":"WebSite","@id":"http:\/\/adventurecommunication.com\/#website","url":"http:\/\/adventurecommunication.com\/","name":"Adventure communication","description":"Vivez votre aventure","publisher":{"@id":"http:\/\/adventurecommunication.com\/#organization"},"potentialAction":[{"@type":"SearchAction","target":{"@type":"EntryPoint","urlTemplate":"http:\/\/adventurecommunication.com\/?s={search_term_string}"},"query-input":{"@type":"PropertyValueSpecification","valueRequired":true,"valueName":"search_term_string"}}],"inLanguage":"fr-FR"},{"@type":"Organization","@id":"http:\/\/adventurecommunication.com\/#organization","name":"Adventure Communication","url":"http:\/\/adventurecommunication.com\/","logo":{"@type":"ImageObject","inLanguage":"fr-FR","@id":"http:\/\/adventurecommunication.com\/#\/schema\/logo\/image\/","url":"http:\/\/adventurecommunication.com\/wp-content\/uploads\/2022\/10\/Adventure_icon.jpg","contentUrl":"http:\/\/adventurecommunication.com\/wp-content\/uploads\/2022\/10\/Adventure_icon.jpg","width":512,"height":512,"caption":"Adventure Communication"},"image":{"@id":"http:\/\/adventurecommunication.com\/#\/schema\/logo\/image\/"},"sameAs":["https:\/\/www.facebook.com\/profile.php?id=100083773398221","https:\/\/www.youtube.com\/channel\/UCs6Z7aQND2ypC6eGsdFLXsA","https:\/\/www.instagram.com\/adventure.communication\/","https:\/\/www.linkedin.com\/company\/adventurecomunication\/"]}]}},"jetpack_sharing_enabled":true,"_links":{"self":[{"href":"https:\/\/adventurecommunication.com\/index.php\/wp-json\/wp\/v2\/product\/1209","targetHints":{"allow":["GET"]}}],"collection":[{"href":"https:\/\/adventurecommunication.com\/index.php\/wp-json\/wp\/v2\/product"}],"about":[{"href":"https:\/\/adventurecommunication.com\/index.php\/wp-json\/wp\/v2\/types\/product"}],"replies":[{"embeddable":true,"href":"https:\/\/adventurecommunication.com\/index.php\/wp-json\/wp\/v2\/comments?post=1209"}],"wp:featuredmedia":[{"embeddable":true,"href":"https:\/\/adventurecommunication.com\/index.php\/wp-json\/wp\/v2\/media\/1150"}],"wp:attachment":[{"href":"https:\/\/adventurecommunication.com\/index.php\/wp-json\/wp\/v2\/media?parent=1209"}],"wp:term":[{"taxonomy":"product_brand","embeddable":true,"href":"https:\/\/adventurecommunication.com\/index.php\/wp-json\/wp\/v2\/product_brand?post=1209"},{"taxonomy":"product_cat","embeddable":true,"href":"https:\/\/adventurecommunication.com\/index.php\/wp-json\/wp\/v2\/product_cat?post=1209"},{"taxonomy":"product_tag","embeddable":true,"href":"https:\/\/adventurecommunication.com\/index.php\/wp-json\/wp\/v2\/product_tag?post=1209"}],"curies":[{"name":"wp","href":"https:\/\/api.w.org\/{rel}","templated":true}]}}