{"id":253,"date":"2020-01-25T09:56:55","date_gmt":"2020-01-25T08:56:55","guid":{"rendered":"https:\/\/demo.shadow-themes.com\/wp\/ashade\/?page_id=253"},"modified":"2023-07-12T07:57:40","modified_gmt":"2023-07-12T05:57:40","slug":"a-propos","status":"publish","type":"page","link":"https:\/\/adventurecommunication.com\/index.php\/a-propos\/","title":{"rendered":"A propos"},"content":{"rendered":"\t\t<div data-elementor-type=\"wp-page\" data-elementor-id=\"253\" class=\"elementor elementor-253\">\n\t\t\t\t\t\t<section class=\"elementor-section elementor-top-section elementor-element elementor-element-c28a475 elementor-section-height-min-height elementor-section-items-stretch elementor-section-boxed elementor-section-height-default\" data-id=\"c28a475\" data-element_type=\"section\" data-e-type=\"section\" data-settings=\"{&quot;background_background&quot;:&quot;classic&quot;}\">\n\t\t\t\t\t\t<div class=\"elementor-container elementor-column-gap-default\">\n\t\t\t\t\t<div class=\"elementor-column elementor-col-50 elementor-top-column elementor-element elementor-element-f3cd94c\" data-id=\"f3cd94c\" data-element_type=\"column\" data-e-type=\"column\">\n\t\t\t<div class=\"elementor-widget-wrap elementor-element-populated\">\n\t\t\t\t\t\t<div class=\"elementor-element elementor-element-b60468e elementor-hidden-desktop elementor-hidden-phone elementor-widget elementor-widget-spacer\" data-id=\"b60468e\" data-element_type=\"widget\" data-e-type=\"widget\" data-widget_type=\"spacer.default\">\n\t\t\t\t<div class=\"elementor-widget-container\">\n\t\t\t\t\t\t\t<div class=\"elementor-spacer\">\n\t\t\t<div class=\"elementor-spacer-inner\"><\/div>\n\t\t<\/div>\n\t\t\t\t\t\t<\/div>\n\t\t\t\t<\/div>\n\t\t\t\t<div class=\"elementor-element elementor-element-7ce660a elementor-widget elementor-widget-heading\" data-id=\"7ce660a\" data-element_type=\"widget\" data-e-type=\"widget\" data-widget_type=\"heading.default\">\n\t\t\t\t<div class=\"elementor-widget-container\">\n\t\t\t\t\t<h2 class=\"elementor-heading-title elementor-size-default\"><span>en quelques mots <\/span>Adventure communication<\/h2>\t\t\t\t<\/div>\n\t\t\t\t<\/div>\n\t\t\t\t<div class=\"elementor-element elementor-element-88333bf elementor-widget elementor-widget-text-editor\" data-id=\"88333bf\" data-element_type=\"widget\" data-e-type=\"widget\" data-widget_type=\"text-editor.default\">\n\t\t\t\t<div class=\"elementor-widget-container\">\n\t\t\t\t\t\t\t\t\t<p>Freelance photographe et vid\u00e9aste, je m\u2019appelle Aur\u00e9lien CHALAYE. Pour moi la cr\u00e9ation est une passion.<\/p><p>J\u2019ai commenc\u00e9 tr\u00e8s t\u00f4t et aujourd\u2019hui, apr\u00e8s des ann\u00e9es d\u2019\u00e9tudes, de formations et d\u2019exp\u00e9riences dans le domaine de la communication, j\u2019ai d\u00e9cid\u00e9 de cr\u00e9er l\u2019agence Adventure Communication pour vous accompagner dans vos diff\u00e9rents projets (web, graphisme, photographie et la r\u00e9alisation vid\u00e9o).<\/p><p><strong>Pourquoi Adventure ?<\/strong><\/p><p>C\u2019est le regroupement de deux id\u00e9es dont la premi\u00e8re est mon domaine d\u2019activit\u00e9 la publicit\u00e9 \u00e0 travers le mot anglais \u201cad\u201d et la seconde refl\u00e8te le projet, le parcours et l\u2019aventure que vous souhaitez mettre en avant<\/p>\t\t\t\t\t\t\t\t<\/div>\n\t\t\t\t<\/div>\n\t\t\t\t<div class=\"elementor-element elementor-element-5b963b5 elementor-widget elementor-widget-image\" data-id=\"5b963b5\" data-element_type=\"widget\" data-e-type=\"widget\" data-widget_type=\"image.default\">\n\t\t\t\t<div class=\"elementor-widget-container\">\n\t\t\t\t\t\t\t\t\t\t\t\t\t\t\t<img fetchpriority=\"high\" decoding=\"async\" width=\"400\" height=\"232\" src=\"http:\/\/adventurecommunication.com\/wp-content\/uploads\/2022\/10\/signature-ad.png\" class=\"attachment-full size-full wp-image-855\" alt=\"\" srcset=\"http:\/\/adventurecommunication.com\/wp-content\/uploads\/2022\/10\/signature-ad.png 400w, http:\/\/adventurecommunication.com\/wp-content\/uploads\/2022\/10\/signature-ad-300x174.png 300w\" sizes=\"(max-width: 400px) 100vw, 400px\" \/>\t\t\t\t\t\t\t\t\t\t\t\t\t\t\t<\/div>\n\t\t\t\t<\/div>\n\t\t\t\t\t<\/div>\n\t\t<\/div>\n\t\t\t\t<div class=\"elementor-column elementor-col-50 elementor-top-column elementor-element elementor-element-9143474 elementor-hidden-tablet elementor-hidden-phone\" data-id=\"9143474\" data-element_type=\"column\" data-e-type=\"column\">\n\t\t\t<div class=\"elementor-widget-wrap elementor-element-populated\">\n\t\t\t\t\t\t<div class=\"elementor-element elementor-element-440afa2 elementor-widget elementor-widget-image\" data-id=\"440afa2\" data-element_type=\"widget\" data-e-type=\"widget\" data-widget_type=\"image.default\">\n\t\t\t\t<div class=\"elementor-widget-container\">\n\t\t\t\t\t\t\t\t\t\t\t\t\t\t\t<img decoding=\"async\" width=\"1042\" height=\"1080\" src=\"http:\/\/adventurecommunication.com\/wp-content\/uploads\/2022\/10\/PICT_20210222_170807.jpg\" class=\"attachment-full size-full wp-image-840\" alt=\"\" srcset=\"http:\/\/adventurecommunication.com\/wp-content\/uploads\/2022\/10\/PICT_20210222_170807.jpg 1042w, http:\/\/adventurecommunication.com\/wp-content\/uploads\/2022\/10\/PICT_20210222_170807-960x995.jpg 960w, http:\/\/adventurecommunication.com\/wp-content\/uploads\/2022\/10\/PICT_20210222_170807-289x300.jpg 289w, http:\/\/adventurecommunication.com\/wp-content\/uploads\/2022\/10\/PICT_20210222_170807-988x1024.jpg 988w, http:\/\/adventurecommunication.com\/wp-content\/uploads\/2022\/10\/PICT_20210222_170807-768x796.jpg 768w\" sizes=\"(max-width: 1042px) 100vw, 1042px\" \/>\t\t\t\t\t\t\t\t\t\t\t\t\t\t\t<\/div>\n\t\t\t\t<\/div>\n\t\t\t\t\t<\/div>\n\t\t<\/div>\n\t\t\t\t\t<\/div>\n\t\t<\/section>\n\t\t\t\t<section class=\"elementor-section elementor-top-section elementor-element elementor-element-0ca41f8 elementor-section-boxed elementor-section-height-default elementor-section-height-default\" data-id=\"0ca41f8\" data-element_type=\"section\" data-e-type=\"section\">\n\t\t\t\t\t\t<div class=\"elementor-container elementor-column-gap-default\">\n\t\t\t\t\t<div class=\"elementor-column elementor-col-33 elementor-top-column elementor-element elementor-element-c7681ea\" data-id=\"c7681ea\" data-element_type=\"column\" data-e-type=\"column\">\n\t\t\t<div class=\"elementor-widget-wrap elementor-element-populated\">\n\t\t\t\t\t\t<div class=\"elementor-element elementor-element-8b1694d elementor-widget elementor-widget-counter\" data-id=\"8b1694d\" data-element_type=\"widget\" data-e-type=\"widget\" data-widget_type=\"counter.default\">\n\t\t\t\t<div class=\"elementor-widget-container\">\n\t\t\t\t\t\t\t<div class=\"elementor-counter\">\n\t\t\t<div class=\"elementor-counter-title\">CR\u00c9ATIONS GRAPHIQUES\u200b<\/div>\t\t\t<div class=\"elementor-counter-number-wrapper\">\n\t\t\t\t<span class=\"elementor-counter-number-prefix\"><\/span>\n\t\t\t\t<span class=\"elementor-counter-number\" data-duration=\"2000\" data-to-value=\"500\" data-from-value=\"0\" data-delimiter=\",\">0<\/span>\n\t\t\t\t<span class=\"elementor-counter-number-suffix\"><\/span>\n\t\t\t<\/div>\n\t\t<\/div>\n\t\t\t\t\t\t<\/div>\n\t\t\t\t<\/div>\n\t\t\t\t\t<\/div>\n\t\t<\/div>\n\t\t\t\t<div class=\"elementor-column elementor-col-33 elementor-top-column elementor-element elementor-element-a08c5ed\" data-id=\"a08c5ed\" data-element_type=\"column\" data-e-type=\"column\">\n\t\t\t<div class=\"elementor-widget-wrap elementor-element-populated\">\n\t\t\t\t\t\t<div class=\"elementor-element elementor-element-c4319e8 elementor-widget elementor-widget-counter\" data-id=\"c4319e8\" data-element_type=\"widget\" data-e-type=\"widget\" data-widget_type=\"counter.default\">\n\t\t\t\t<div class=\"elementor-widget-container\">\n\t\t\t\t\t\t\t<div class=\"elementor-counter\">\n\t\t\t<div class=\"elementor-counter-title\">PHOTOGRAPHIES<\/div>\t\t\t<div class=\"elementor-counter-number-wrapper\">\n\t\t\t\t<span class=\"elementor-counter-number-prefix\"><\/span>\n\t\t\t\t<span class=\"elementor-counter-number\" data-duration=\"2000\" data-to-value=\"16\" data-from-value=\"0\" data-delimiter=\",\">0<\/span>\n\t\t\t\t<span class=\"elementor-counter-number-suffix\">K<\/span>\n\t\t\t<\/div>\n\t\t<\/div>\n\t\t\t\t\t\t<\/div>\n\t\t\t\t<\/div>\n\t\t\t\t\t<\/div>\n\t\t<\/div>\n\t\t\t\t<div class=\"elementor-column elementor-col-33 elementor-top-column elementor-element elementor-element-eae1e71\" data-id=\"eae1e71\" data-element_type=\"column\" data-e-type=\"column\">\n\t\t\t<div class=\"elementor-widget-wrap elementor-element-populated\">\n\t\t\t\t\t\t<div class=\"elementor-element elementor-element-1abee8a elementor-widget elementor-widget-counter\" data-id=\"1abee8a\" data-element_type=\"widget\" data-e-type=\"widget\" data-widget_type=\"counter.default\">\n\t\t\t\t<div class=\"elementor-widget-container\">\n\t\t\t\t\t\t\t<div class=\"elementor-counter\">\n\t\t\t<div class=\"elementor-counter-title\">DE VID\u00c9OS\u200b<\/div>\t\t\t<div class=\"elementor-counter-number-wrapper\">\n\t\t\t\t<span class=\"elementor-counter-number-prefix\">+<\/span>\n\t\t\t\t<span class=\"elementor-counter-number\" data-duration=\"2000\" data-to-value=\"60\" data-from-value=\"0\" data-delimiter=\",\">0<\/span>\n\t\t\t\t<span class=\"elementor-counter-number-suffix\">h<\/span>\n\t\t\t<\/div>\n\t\t<\/div>\n\t\t\t\t\t\t<\/div>\n\t\t\t\t<\/div>\n\t\t\t\t\t<\/div>\n\t\t<\/div>\n\t\t\t\t\t<\/div>\n\t\t<\/section>\n\t\t\t\t<section class=\"elementor-section elementor-top-section elementor-element elementor-element-9e9ee51 elementor-section-boxed elementor-section-height-default elementor-section-height-default\" data-id=\"9e9ee51\" data-element_type=\"section\" data-e-type=\"section\">\n\t\t\t\t\t\t<div class=\"elementor-container elementor-column-gap-default\">\n\t\t\t\t\t<div class=\"elementor-column elementor-col-100 elementor-top-column elementor-element elementor-element-cad8326\" data-id=\"cad8326\" data-element_type=\"column\" data-e-type=\"column\">\n\t\t\t<div class=\"elementor-widget-wrap elementor-element-populated\">\n\t\t\t\t\t\t<div class=\"elementor-element elementor-element-21bd96e elementor-widget elementor-widget-heading\" data-id=\"21bd96e\" data-element_type=\"widget\" data-e-type=\"widget\" data-widget_type=\"heading.default\">\n\t\t\t\t<div class=\"elementor-widget-container\">\n\t\t\t\t\t<h3 class=\"elementor-heading-title elementor-size-default\"><span>C'est quoi ?<\/span>LA COLORIM\u00c9TRIE<\/h3>\t\t\t\t<\/div>\n\t\t\t\t<\/div>\n\t\t\t\t<div class=\"elementor-element elementor-element-31b09db elementor-widget elementor-widget-text-editor\" data-id=\"31b09db\" data-element_type=\"widget\" data-e-type=\"widget\" data-widget_type=\"text-editor.default\">\n\t\t\t\t<div class=\"elementor-widget-container\">\n\t\t\t\t\t\t\t\t\t<p><span style=\"text-align: center;\">Voici un exemple de colorim\u00e9trie sur cette photographie d&rsquo;une hypercar de la marque GENTY\u00a0 AUTOMOBILE, l&rsquo;AKYLONE. La colorim\u00e9trie correspond au travail de l&rsquo;image afin d&rsquo;obtenir un rendu proche de la vision artistique recherch\u00e9e.<\/span><\/p>\t\t\t\t\t\t\t\t<\/div>\n\t\t\t\t<\/div>\n\t\t\t\t\t<\/div>\n\t\t<\/div>\n\t\t\t\t\t<\/div>\n\t\t<\/section>\n\t\t\t\t<section class=\"elementor-section elementor-top-section elementor-element elementor-element-60aeee0 elementor-section-boxed elementor-section-height-default elementor-section-height-default\" data-id=\"60aeee0\" data-element_type=\"section\" data-e-type=\"section\">\n\t\t\t\t\t\t<div class=\"elementor-container elementor-column-gap-default\">\n\t\t\t\t\t<div class=\"elementor-column elementor-col-100 elementor-top-column elementor-element elementor-element-70a1bd5\" data-id=\"70a1bd5\" data-element_type=\"column\" data-e-type=\"column\">\n\t\t\t<div class=\"elementor-widget-wrap elementor-element-populated\">\n\t\t\t\t\t\t<div class=\"elementor-element elementor-element-e5ee0fe shadowcore-divider-icon--yes elementor-widget elementor-widget-shadow-before-after\" data-id=\"e5ee0fe\" data-element_type=\"widget\" data-e-type=\"widget\" data-widget_type=\"shadow-before-after.default\">\n\t\t\t\t<div class=\"elementor-widget-container\">\n\t\t\t\t\t\t\t<div class=\"shadowcore-before-after\" \n\t\t\tdata-img-before=\"https:\/\/adventurecommunication.com\/wp-content\/uploads\/2022\/10\/avant-scaled.jpg\" \n\t\t\tdata-img-after=\"https:\/\/adventurecommunication.com\/wp-content\/uploads\/2022\/10\/apres-scaled.jpg\">\n\t\t\t<img \n    \t\t\tsrc=\"data:image\/svg+xml,%3Csvg%20xmlns='http:\/\/www.w3.org\/2000\/svg'%20viewBox='0%200%202560%201707'%3E%3C\/svg%3E\"\n      \t\t\talt=\"\" \n       \t\t\twidth=\"2560\" \n       \t\t\theight=\"1707\">\n        <\/div><!-- .shadowcore-before-after -->\n\t\t\t\t\t\t<\/div>\n\t\t\t\t<\/div>\n\t\t\t\t\t<\/div>\n\t\t<\/div>\n\t\t\t\t\t<\/div>\n\t\t<\/section>\n\t\t\t\t<\/div>\n\t\t","protected":false},"excerpt":{"rendered":"<p>en quelques mots Adventure communication Freelance photographe et vid\u00e9aste, je m\u2019appelle Aur\u00e9lien CHALAYE. Pour moi la cr\u00e9ation est une passion. J\u2019ai commenc\u00e9 tr\u00e8s t\u00f4t et aujourd\u2019hui, apr\u00e8s des ann\u00e9es d\u2019\u00e9tudes, de formations et d\u2019exp\u00e9riences dans le domaine de la communication, j\u2019ai d\u00e9cid\u00e9 de cr\u00e9er l\u2019agence Adventure Communication pour vous accompagner dans vos diff\u00e9rents projets (web,&#8230;<\/p>\n","protected":false},"author":1,"featured_media":0,"parent":0,"menu_order":0,"comment_status":"closed","ping_status":"closed","template":"","meta":{"om_disable_all_campaigns":false,"inline_featured_image":false,"footnotes":""},"class_list":["post-253","page","type-page","status-publish","hentry"],"yoast_head":"<!-- This site is optimized with the Yoast SEO plugin v27.3 - https:\/\/yoast.com\/product\/yoast-seo-wordpress\/ -->\n<title>A propos - Adventure communication<\/title>\n<meta name=\"description\" content=\"Je suis freelance dans le domaine de la communication, j&#039;interviens dans diff\u00e9rents domaines comme la vid\u00e9o, la photographie et le graphisme.\" \/>\n<meta name=\"robots\" content=\"index, follow, max-snippet:-1, max-image-preview:large, max-video-preview:-1\" \/>\n<link rel=\"canonical\" href=\"https:\/\/adventurecommunication.com\/a-propos\/\" \/>\n<meta property=\"og:locale\" content=\"fr_FR\" \/>\n<meta property=\"og:type\" content=\"article\" \/>\n<meta property=\"og:title\" content=\"A propos - Adventure communication\" \/>\n<meta property=\"og:description\" content=\"Je suis freelance dans le domaine de la communication, j&#039;interviens dans diff\u00e9rents domaines comme la vid\u00e9o, la photographie et le graphisme.\" \/>\n<meta property=\"og:url\" content=\"https:\/\/adventurecommunication.com\/a-propos\/\" \/>\n<meta property=\"og:site_name\" content=\"Adventure communication\" \/>\n<meta property=\"article:publisher\" content=\"https:\/\/www.facebook.com\/profile.php?id=100083773398221\" \/>\n<meta property=\"article:modified_time\" content=\"2023-07-12T05:57:40+00:00\" \/>\n<meta property=\"og:image\" content=\"http:\/\/adventurecommunication.com\/wp-content\/uploads\/2022\/10\/signature-ad.png\" \/>\n<meta name=\"twitter:card\" content=\"summary_large_image\" \/>\n<meta name=\"twitter:label1\" content=\"Dur\u00e9e de lecture estim\u00e9e\" \/>\n\t<meta name=\"twitter:data1\" content=\"2 minutes\" \/>\n<script type=\"application\/ld+json\" class=\"yoast-schema-graph\">{\"@context\":\"https:\\\/\\\/schema.org\",\"@graph\":[{\"@type\":\"WebPage\",\"@id\":\"http:\\\/\\\/adventurecommunication.com\\\/index.php\\\/a-propos\\\/\",\"url\":\"https:\\\/\\\/adventurecommunication.com\\\/a-propos\\\/\",\"name\":\"A propos - Adventure communication\",\"isPartOf\":{\"@id\":\"https:\\\/\\\/adventurecommunication.com\\\/#website\"},\"primaryImageOfPage\":{\"@id\":\"https:\\\/\\\/adventurecommunication.com\\\/a-propos\\\/#primaryimage\"},\"image\":{\"@id\":\"https:\\\/\\\/adventurecommunication.com\\\/a-propos\\\/#primaryimage\"},\"thumbnailUrl\":\"http:\\\/\\\/adventurecommunication.com\\\/wp-content\\\/uploads\\\/2022\\\/10\\\/signature-ad.png\",\"datePublished\":\"2020-01-25T08:56:55+00:00\",\"dateModified\":\"2023-07-12T05:57:40+00:00\",\"description\":\"Je suis freelance dans le domaine de la communication, j'interviens dans diff\u00e9rents domaines comme la vid\u00e9o, la photographie et le graphisme.\",\"breadcrumb\":{\"@id\":\"https:\\\/\\\/adventurecommunication.com\\\/a-propos\\\/#breadcrumb\"},\"inLanguage\":\"fr-FR\",\"potentialAction\":[{\"@type\":\"ReadAction\",\"target\":[\"https:\\\/\\\/adventurecommunication.com\\\/a-propos\\\/\"]}]},{\"@type\":\"ImageObject\",\"inLanguage\":\"fr-FR\",\"@id\":\"https:\\\/\\\/adventurecommunication.com\\\/a-propos\\\/#primaryimage\",\"url\":\"https:\\\/\\\/adventurecommunication.com\\\/wp-content\\\/uploads\\\/2022\\\/10\\\/signature-ad.png\",\"contentUrl\":\"https:\\\/\\\/adventurecommunication.com\\\/wp-content\\\/uploads\\\/2022\\\/10\\\/signature-ad.png\",\"width\":400,\"height\":232},{\"@type\":\"BreadcrumbList\",\"@id\":\"https:\\\/\\\/adventurecommunication.com\\\/a-propos\\\/#breadcrumb\",\"itemListElement\":[{\"@type\":\"ListItem\",\"position\":1,\"name\":\"Accueil\",\"item\":\"https:\\\/\\\/adventurecommunication.com\\\/\"},{\"@type\":\"ListItem\",\"position\":2,\"name\":\"A propos\"}]},{\"@type\":\"WebSite\",\"@id\":\"https:\\\/\\\/adventurecommunication.com\\\/#website\",\"url\":\"https:\\\/\\\/adventurecommunication.com\\\/\",\"name\":\"Adventure communication\",\"description\":\"Vivez votre aventure\",\"publisher\":{\"@id\":\"https:\\\/\\\/adventurecommunication.com\\\/#organization\"},\"potentialAction\":[{\"@type\":\"SearchAction\",\"target\":{\"@type\":\"EntryPoint\",\"urlTemplate\":\"https:\\\/\\\/adventurecommunication.com\\\/?s={search_term_string}\"},\"query-input\":{\"@type\":\"PropertyValueSpecification\",\"valueRequired\":true,\"valueName\":\"search_term_string\"}}],\"inLanguage\":\"fr-FR\"},{\"@type\":\"Organization\",\"@id\":\"https:\\\/\\\/adventurecommunication.com\\\/#organization\",\"name\":\"Adventure Communication\",\"url\":\"https:\\\/\\\/adventurecommunication.com\\\/\",\"logo\":{\"@type\":\"ImageObject\",\"inLanguage\":\"fr-FR\",\"@id\":\"https:\\\/\\\/adventurecommunication.com\\\/#\\\/schema\\\/logo\\\/image\\\/\",\"url\":\"http:\\\/\\\/adventurecommunication.com\\\/wp-content\\\/uploads\\\/2022\\\/10\\\/Adventure_icon.jpg\",\"contentUrl\":\"http:\\\/\\\/adventurecommunication.com\\\/wp-content\\\/uploads\\\/2022\\\/10\\\/Adventure_icon.jpg\",\"width\":512,\"height\":512,\"caption\":\"Adventure Communication\"},\"image\":{\"@id\":\"https:\\\/\\\/adventurecommunication.com\\\/#\\\/schema\\\/logo\\\/image\\\/\"},\"sameAs\":[\"https:\\\/\\\/www.facebook.com\\\/profile.php?id=100083773398221\",\"https:\\\/\\\/www.youtube.com\\\/channel\\\/UCs6Z7aQND2ypC6eGsdFLXsA\",\"https:\\\/\\\/www.instagram.com\\\/adventure.communication\\\/\",\"https:\\\/\\\/www.linkedin.com\\\/company\\\/adventurecomunication\\\/\"]}]}<\/script>\n<!-- \/ Yoast SEO plugin. -->","yoast_head_json":{"title":"A propos - Adventure communication","description":"Je suis freelance dans le domaine de la communication, j'interviens dans diff\u00e9rents domaines comme la vid\u00e9o, la photographie et le graphisme.","robots":{"index":"index","follow":"follow","max-snippet":"max-snippet:-1","max-image-preview":"max-image-preview:large","max-video-preview":"max-video-preview:-1"},"canonical":"https:\/\/adventurecommunication.com\/a-propos\/","og_locale":"fr_FR","og_type":"article","og_title":"A propos - Adventure communication","og_description":"Je suis freelance dans le domaine de la communication, j'interviens dans diff\u00e9rents domaines comme la vid\u00e9o, la photographie et le graphisme.","og_url":"https:\/\/adventurecommunication.com\/a-propos\/","og_site_name":"Adventure communication","article_publisher":"https:\/\/www.facebook.com\/profile.php?id=100083773398221","article_modified_time":"2023-07-12T05:57:40+00:00","og_image":[{"url":"http:\/\/adventurecommunication.com\/wp-content\/uploads\/2022\/10\/signature-ad.png","type":"","width":"","height":""}],"twitter_card":"summary_large_image","twitter_misc":{"Dur\u00e9e de lecture estim\u00e9e":"2 minutes"},"schema":{"@context":"https:\/\/schema.org","@graph":[{"@type":"WebPage","@id":"http:\/\/adventurecommunication.com\/index.php\/a-propos\/","url":"https:\/\/adventurecommunication.com\/a-propos\/","name":"A propos - Adventure communication","isPartOf":{"@id":"https:\/\/adventurecommunication.com\/#website"},"primaryImageOfPage":{"@id":"https:\/\/adventurecommunication.com\/a-propos\/#primaryimage"},"image":{"@id":"https:\/\/adventurecommunication.com\/a-propos\/#primaryimage"},"thumbnailUrl":"http:\/\/adventurecommunication.com\/wp-content\/uploads\/2022\/10\/signature-ad.png","datePublished":"2020-01-25T08:56:55+00:00","dateModified":"2023-07-12T05:57:40+00:00","description":"Je suis freelance dans le domaine de la communication, j'interviens dans diff\u00e9rents domaines comme la vid\u00e9o, la photographie et le graphisme.","breadcrumb":{"@id":"https:\/\/adventurecommunication.com\/a-propos\/#breadcrumb"},"inLanguage":"fr-FR","potentialAction":[{"@type":"ReadAction","target":["https:\/\/adventurecommunication.com\/a-propos\/"]}]},{"@type":"ImageObject","inLanguage":"fr-FR","@id":"https:\/\/adventurecommunication.com\/a-propos\/#primaryimage","url":"https:\/\/adventurecommunication.com\/wp-content\/uploads\/2022\/10\/signature-ad.png","contentUrl":"https:\/\/adventurecommunication.com\/wp-content\/uploads\/2022\/10\/signature-ad.png","width":400,"height":232},{"@type":"BreadcrumbList","@id":"https:\/\/adventurecommunication.com\/a-propos\/#breadcrumb","itemListElement":[{"@type":"ListItem","position":1,"name":"Accueil","item":"https:\/\/adventurecommunication.com\/"},{"@type":"ListItem","position":2,"name":"A propos"}]},{"@type":"WebSite","@id":"https:\/\/adventurecommunication.com\/#website","url":"https:\/\/adventurecommunication.com\/","name":"Adventure communication","description":"Vivez votre aventure","publisher":{"@id":"https:\/\/adventurecommunication.com\/#organization"},"potentialAction":[{"@type":"SearchAction","target":{"@type":"EntryPoint","urlTemplate":"https:\/\/adventurecommunication.com\/?s={search_term_string}"},"query-input":{"@type":"PropertyValueSpecification","valueRequired":true,"valueName":"search_term_string"}}],"inLanguage":"fr-FR"},{"@type":"Organization","@id":"https:\/\/adventurecommunication.com\/#organization","name":"Adventure Communication","url":"https:\/\/adventurecommunication.com\/","logo":{"@type":"ImageObject","inLanguage":"fr-FR","@id":"https:\/\/adventurecommunication.com\/#\/schema\/logo\/image\/","url":"http:\/\/adventurecommunication.com\/wp-content\/uploads\/2022\/10\/Adventure_icon.jpg","contentUrl":"http:\/\/adventurecommunication.com\/wp-content\/uploads\/2022\/10\/Adventure_icon.jpg","width":512,"height":512,"caption":"Adventure Communication"},"image":{"@id":"https:\/\/adventurecommunication.com\/#\/schema\/logo\/image\/"},"sameAs":["https:\/\/www.facebook.com\/profile.php?id=100083773398221","https:\/\/www.youtube.com\/channel\/UCs6Z7aQND2ypC6eGsdFLXsA","https:\/\/www.instagram.com\/adventure.communication\/","https:\/\/www.linkedin.com\/company\/adventurecomunication\/"]}]}},"jetpack_sharing_enabled":true,"_links":{"self":[{"href":"https:\/\/adventurecommunication.com\/index.php\/wp-json\/wp\/v2\/pages\/253","targetHints":{"allow":["GET"]}}],"collection":[{"href":"https:\/\/adventurecommunication.com\/index.php\/wp-json\/wp\/v2\/pages"}],"about":[{"href":"https:\/\/adventurecommunication.com\/index.php\/wp-json\/wp\/v2\/types\/page"}],"author":[{"embeddable":true,"href":"https:\/\/adventurecommunication.com\/index.php\/wp-json\/wp\/v2\/users\/1"}],"replies":[{"embeddable":true,"href":"https:\/\/adventurecommunication.com\/index.php\/wp-json\/wp\/v2\/comments?post=253"}],"version-history":[{"count":53,"href":"https:\/\/adventurecommunication.com\/index.php\/wp-json\/wp\/v2\/pages\/253\/revisions"}],"predecessor-version":[{"id":1008,"href":"https:\/\/adventurecommunication.com\/index.php\/wp-json\/wp\/v2\/pages\/253\/revisions\/1008"}],"wp:attachment":[{"href":"https:\/\/adventurecommunication.com\/index.php\/wp-json\/wp\/v2\/media?parent=253"}],"curies":[{"name":"wp","href":"https:\/\/api.w.org\/{rel}","templated":true}]}}