{"id":2,"date":"2022-08-30T16:20:22","date_gmt":"2022-08-30T14:20:22","guid":{"rendered":"http:\/\/adventurecommunication.com\/?page_id=2"},"modified":"2022-10-28T11:34:36","modified_gmt":"2022-10-28T09:34:36","slug":"politique-de-confidentialite-2","status":"publish","type":"page","link":"https:\/\/adventurecommunication.com\/index.php\/politique-de-confidentialite-2\/","title":{"rendered":"Politique de confidentialit\u00e9"},"content":{"rendered":"\n<p><strong>POLITIQUE DE PROTECTION DES DONNEES PERSONNELLES<\/strong><\/p>\n\n\n\n<p>La micro entreprise Adventure communication est tr\u00e8s attentive \u00e0 la protection des donn\u00e9es personnelles qu\u2019elle peut \u00eatre amen\u00e9e \u00e0 traiter et s\u2019attache \u00e0 constamment renforcer sa conformit\u00e9 au R\u00e8glement g\u00e9n\u00e9ral de protection des donn\u00e9es (RGPD) et \u00e0 la loi n\u00b0 78-17 du 6 janvier 1978 dite Informatique et Libert\u00e9s, notamment.<\/p>\n\n\n\n<p>Vous trouverez ci-dessous notre politique en mati\u00e8re de confidentialit\u00e9 et de traitement des donn\u00e9es personnelles.<\/p>\n\n\n\n<p><strong>Responsable de traitement :<\/strong><\/p>\n\n\n\n<p>\u200b<\/p>\n\n\n\n<p>Le responsable du traitement des donn\u00e9es personnelles collect\u00e9es sur le site internet&nbsp;<a href=\"http:\/\/www.adventurecommunication.com\">www.adventurecommunication.com<\/a>&nbsp;est la micro entreprise Adventure communication<\/p>\n\n\n\n<p>Tel&nbsp;: 06 46 82 37 32<\/p>\n\n\n\n<p>Adresse mail&nbsp;:&nbsp;aurelien@adventurecommunication.com<\/p>\n\n\n\n<p><strong>Qu\u2019est-ce qu\u2019une donn\u00e9e personnelle&nbsp;?<\/strong><\/p>\n\n\n\n<p>\u200b<\/p>\n\n\n\n<p>Il s\u2019agit d\u2019une information se rapportant \u00e0 une personne et permettant de l\u2019identifier, directement ou indirectement, comme par exemple, son nom, son adresse courriel, sa date de naissance.<\/p>\n\n\n\n<p><strong>Finalit\u00e9s du traitement des donn\u00e9es :<\/strong><\/p>\n\n\n\n<p>\u200b<\/p>\n\n\n\n<p>Nous collectons vos donn\u00e9es dans les cas suivants&nbsp;:<\/p>\n\n\n\n<ul class=\"wp-block-list\"><li>gestion des demandes de contact&nbsp;;<\/li><li>gestion des droits des personnes dont les donn\u00e9es personnelles sont trait\u00e9es&nbsp;;<\/li><li>gestion d&rsquo;op\u00e9rations de prospection par l&rsquo;envoi par courrier, courriel ou sms de newsletter ou de sollicitations personnalis\u00e9es, sous r\u00e9serve de votre acceptation pr\u00e9alable&nbsp;;<\/li><li>pour s\u00e9curiser notre site internet&nbsp;;<\/li><li>pour permettre d\u2019interagir avec les r\u00e9seaux sociaux&nbsp;;<\/li><li>pour r\u00e9aliser des \u00e9tudes et statistiques visant \u00e0 am\u00e9liorer la qualit\u00e9 de nos produits et services&nbsp;; &nbsp;<\/li><li>la r\u00e9alisation d\u2019enqu\u00eates de satisfaction visant \u00e0 am\u00e9liorer nos offres et services&nbsp;;<\/li><\/ul>\n\n\n\n<p><strong>Bases l\u00e9gales des traitements :<\/strong><\/p>\n\n\n\n<p>\u200b<\/p>\n\n\n\n<p>Les bases l\u00e9gales sur lesquelles repose le traitement de vos donn\u00e9es sont&nbsp;:<\/p>\n\n\n\n<ul class=\"wp-block-list\"><li>Le contrat<\/li><\/ul>\n\n\n\n<p>Cette base est utilis\u00e9e lorsque le recueil et le traitement de vos donn\u00e9es personnelles sont n\u00e9cessaires \u00e0 l\u2019ex\u00e9cution du contrat auquel vous avez souscrit. C\u2019est le cas des informations transmises dans le cadre de la gestion de votre commande, par exemple.<\/p>\n\n\n\n<ul class=\"wp-block-list\"><li>L\u2019int\u00e9r\u00eat l\u00e9gitime<\/li><\/ul>\n\n\n\n<p>Il peut \u00eatre invoqu\u00e9 lorsqu\u2019il s\u2019agit, par exemple, de garantir la s\u00e9curit\u00e9 de notre r\u00e9seau internet et de pr\u00e9venir toute fraude \u00e9ventuelle.<\/p>\n\n\n\n<ul class=\"wp-block-list\"><li>Le consentement<\/li><\/ul>\n\n\n\n<p>Dans ce cas sp\u00e9cifique, les informations transmises ne sont recueillies et trait\u00e9es qu\u2019avec votre accord clair et univoque, lorsque vous acceptez de cocher une case pour recevoir des newsletters, des sollicitations personnalis\u00e9es ou participer \u00e0 des programmes de fid\u00e9lisation, par exemple.<\/p>\n\n\n\n<ul class=\"wp-block-list\"><li>La loi<\/li><\/ul>\n\n\n\n<p>Le recueil et le traitement de vos donn\u00e9es reposent sur ce fondement lorsque la mise en \u0153uvre d\u2019un traitement est impos\u00e9e par des textes europ\u00e9ens ou nationaux.<\/p>\n\n\n\n<p><strong>Types de donn\u00e9es collect\u00e9es<\/strong><\/p>\n\n\n\n<p>\u200b<\/p>\n\n\n\n<p>Les types de donn\u00e9es que nous collectons, avec votre accord pour celles qui le requi\u00e8rent, pourront, entre autres, comprendre, selon les finalit\u00e9s poursuivies, vos nom, pr\u00e9nom, adresse email, num\u00e9ro de t\u00e9l\u00e9phone, donn\u00e9es de connexions et donn\u00e9es de navigation, donn\u00e9es relatives \u00e0 l&rsquo;approbation ou au refus de sollicitations commerciales.<\/p>\n\n\n\n<p>Nous nous attachons toujours \u00e0 minimiser les donn\u00e9es collect\u00e9es aux seules informations essentielles \u00e0 la finalit\u00e9 poursuivie.<\/p>\n\n\n\n<p>Lorsque vous aurez \u00e0 remplir un formulaire, les mentions obligatoires, n\u00e9cessaires \u00e0 la fourniture du service sollicit\u00e9, seront express\u00e9ment indiqu\u00e9es par un ast\u00e9risque.<\/p>\n\n\n\n<p><strong>Dur\u00e9e de conservation des donn\u00e9es collect\u00e9es<\/strong><\/p>\n\n\n\n<p>\u200b<\/p>\n\n\n\n<p>Les donn\u00e9es personnelles trait\u00e9es seront conserv\u00e9es selon la finalit\u00e9 poursuivie et conform\u00e9ment \u00e0 la l\u00e9gislation applicable en vigueur. Elles seront archiv\u00e9es conform\u00e9ment aux dur\u00e9es de prescription et de conservation l\u00e9gales.<\/p>\n\n\n\n<p>Ainsi, les donn\u00e9es personnelles des personnes inactives depuis 36 mois \u00e0 compter du dernier contact seront supprim\u00e9es, sous r\u00e9serve qu\u2019une obligation contractuelle, l\u00e9gale ou que la pr\u00e9munition contre d\u2019\u00e9ventuels recours ne nous imposent pas de les conserver plus longuement.<\/p>\n\n\n\n<p><strong>S\u00e9curisation des paiements&nbsp;<\/strong><\/p>\n\n\n\n<p><strong>Qui sont les destinataires de vos donn\u00e9es ?<\/strong><\/p>\n\n\n\n<p><strong>\u200b<\/strong><\/p>\n\n\n\n<p>Nous nous attachons \u00e0 ce que vos donn\u00e9es ne soient transmises qu\u2019aux seuls membres de notre personnel.<\/p>\n\n\n\n<p>En fonction de la finalit\u00e9 poursuivie, elles ne seront ainsi communiqu\u00e9es, en totalit\u00e9 ou partiellement, qu\u2019aux seules personnes d\u00fbment habilit\u00e9es.<\/p>\n\n\n\n<p><strong>Politique en mati\u00e8re de Cookies<\/strong><\/p>\n\n\n\n<p><strong>\u200b<\/strong><\/p>\n\n\n\n<p>Lorsque vous naviguez sur le site&nbsp;<a href=\"http:\/\/www.adventurecommunication.com\">www.adventurecommunication.com<\/a>, nous pouvons collecter des donn\u00e9es telles que&nbsp;:<\/p>\n\n\n\n<ul class=\"wp-block-list\"><li>votre adresse IP&nbsp;;<\/li><li>vos donn\u00e9es de connexion&nbsp;;<\/li><li>les sites internet que vous avez consult\u00e9s&nbsp;;<\/li><li>les donn\u00e9es de votre navigateur&nbsp;;<\/li><li>les donn\u00e9es relatives \u00e0 votre appareil de connexion&nbsp;;<\/li><li>les pages visit\u00e9es&nbsp;;<\/li><li>la date et heure de votre navigation&nbsp;;<\/li><li>la dur\u00e9e de votre session&nbsp;;<\/li><li>vos donn\u00e9es de g\u00e9olocalisation.<\/li><\/ul>\n\n\n\n<p>\u200b<\/p>\n\n\n\n<p>Ces donn\u00e9es sont collect\u00e9es via le biais de cookies ou de technologies similaires, sous r\u00e9serve des autorisations que vous aurez pr\u00e9alablement accord\u00e9es et sur lesquelles vous pourrez revenir \u00e0 tout moment.<\/p>\n\n\n\n<p>Les cookies sont de petits fichiers textes qui servent \u00e0 stocker des informations sur les navigateurs internet. Ils nous permettent de nous souvenir de vous lors de votre acc\u00e8s au site en facilitant le maintien de certains de vos param\u00e8tres et en enregistrant votre parcours de navigation.<\/p>\n\n\n\n<p>\u200b<\/p>\n\n\n\n<p>Les cookies que nous utilisons servent notamment \u00e0&nbsp;:<\/p>\n\n\n\n<p>\u200b<\/p>\n\n\n\n<ul class=\"wp-block-list\"><li>personnaliser le contenu selon chaque utilisateur&nbsp;;<\/li><li>identifier d\u2019\u00e9ventuels malware&nbsp;;<\/li><li>interagir sur les r\u00e9seaux sociaux&nbsp;;<\/li><li>mesurer l\u2019audience de notre site.<\/li><li>permettre la r\u00e9ception de publicit\u00e9s personnalis\u00e9es<\/li><\/ul>\n\n\n\n<p>\u200b<\/p>\n\n\n\n<p>Votre accord clair et univoque est requis avant toute lecture ou tout d\u00e9p\u00f4t de certains types de cookies, dont les cookies analytiques et de r\u00e9seaux sociaux.<\/p>\n\n\n\n<p>Nous recueillons votre consentement au moyen du bandeau pr\u00e9sent lors de votre premi\u00e8re navigation sur notre site, conform\u00e9ment aux pr\u00e9conisations de la CNIL.<\/p>\n\n\n\n<p>Vous pouvez \u00e0 tout moment choisir de refuser ou de d\u00e9sactiver les cookies.<\/p>\n\n\n\n<p>Vous pouvez \u00e9galement emp\u00eacher cette collecte en d\u00e9sactivant cette fonction dans votre logiciel de navigation.<\/p>\n\n\n\n<p><strong>Evolutions et mises \u00e0 jour<\/strong><\/p>\n\n\n\n<p>\u200b<\/p>\n\n\n\n<p>Nous sommes susceptibles de faire \u00e9voluer notre politique en mati\u00e8re de confidentialit\u00e9 et de protection de vos donn\u00e9es personnelles, afin de les adapter aux possibles \u00e9volutions techniques, l\u00e9gislatives ou r\u00e9glementaires ou aux nouvelles directives de la CNIL.<\/p>\n\n\n\n<p>Nous vous invitons donc \u00e0 consulter r\u00e9guli\u00e8rement cette page qui pourra \u00eatre modifi\u00e9e ou mise \u00e0 jour sans notification pr\u00e9alable.<\/p>\n\n\n\n<p><strong>CNIL<\/strong><\/p>\n\n\n\n<p>\u200b<\/p>\n\n\n\n<p>Si vous souhaitez obtenir des informations compl\u00e9mentaires, vous pouvez consulter le site internet de la CNIL (<a href=\"http:\/\/www.cnil.fr\/\" target=\"_blank\" rel=\"noreferrer noopener\">www.cnil.fr<\/a>).&nbsp; Vous pouvez \u00e9galement introduire une r\u00e9clamation par son interm\u00e9diaire, si vous constatez une atteinte aux r\u00e8gles de protection de vos donn\u00e9es personnelles.<\/p>\n\n\n\n<p>Nous vous invitons n\u00e9anmoins, dans un tel cas, \u00e0 nous contacter pr\u00e9alablement \u00e0 l\u2019adresse suivante&nbsp;aurelien@adventurecommunication.com <a href=\"mailto:contact-rgpd@berthoud.com\"><\/a>&nbsp;afin de privil\u00e9gier toute solution amiable appropri\u00e9e.<\/p>\n\n\n\n<p>\u200b<\/p>\n\n\n\n<p><strong>Contact<\/strong><\/p>\n\n\n\n<p>\u200b<\/p>\n\n\n\n<p>Pour toute information compl\u00e9mentaire ou toute question relative \u00e0 notre politique en mati\u00e8re de protection des donn\u00e9es personnelles, vous pouvez nous contacter \u00e0 l\u2019adresse suivante&nbsp;:&nbsp; aurelien@adventurecommunication.com<\/p>\n","protected":false},"excerpt":{"rendered":"<p>POLITIQUE DE PROTECTION DES DONNEES PERSONNELLES La micro entreprise Adventure communication est tr\u00e8s attentive \u00e0 la protection des donn\u00e9es personnelles qu\u2019elle peut \u00eatre amen\u00e9e \u00e0 traiter et s\u2019attache \u00e0 constamment renforcer sa conformit\u00e9 au R\u00e8glement g\u00e9n\u00e9ral de protection des donn\u00e9es (RGPD) et \u00e0 la loi n\u00b0 78-17 du 6 janvier 1978 dite Informatique et Libert\u00e9s,&#8230;<\/p>\n","protected":false},"author":1,"featured_media":0,"parent":0,"menu_order":0,"comment_status":"closed","ping_status":"closed","template":"","meta":{"om_disable_all_campaigns":false,"inline_featured_image":false,"footnotes":""},"class_list":["post-2","page","type-page","status-publish","hentry"],"yoast_head":"<!-- This site is optimized with the Yoast SEO plugin v27.3 - https:\/\/yoast.com\/product\/yoast-seo-wordpress\/ -->\n<title>Politique de confidentialit\u00e9 - Adventure communication<\/title>\n<meta name=\"description\" content=\"Freelance : R\u00e9alisation vid\u00e9o, photographie, graphisme et WordPress sur Lyon, le Beaujolais, l&#039;Ain et toute la r\u00e9gion Auvergne-Rh\u00f4ne-Alpes.\" \/>\n<meta name=\"robots\" content=\"index, follow, max-snippet:-1, max-image-preview:large, max-video-preview:-1\" \/>\n<link rel=\"canonical\" href=\"https:\/\/adventurecommunication.com\/index.php\/politique-de-confidentialite-2\/\" \/>\n<meta property=\"og:locale\" content=\"fr_FR\" \/>\n<meta property=\"og:type\" content=\"article\" \/>\n<meta property=\"og:title\" content=\"Politique de confidentialit\u00e9 - Adventure communication\" \/>\n<meta property=\"og:description\" content=\"Freelance : R\u00e9alisation vid\u00e9o, photographie, graphisme et WordPress sur Lyon, le Beaujolais, l&#039;Ain et toute la r\u00e9gion Auvergne-Rh\u00f4ne-Alpes.\" \/>\n<meta property=\"og:url\" content=\"https:\/\/adventurecommunication.com\/index.php\/politique-de-confidentialite-2\/\" \/>\n<meta property=\"og:site_name\" content=\"Adventure communication\" \/>\n<meta property=\"article:publisher\" content=\"https:\/\/www.facebook.com\/profile.php?id=100083773398221\" \/>\n<meta property=\"article:modified_time\" content=\"2022-10-28T09:34:36+00:00\" \/>\n<meta property=\"og:image\" content=\"https:\/\/adventurecommunication.com\/wp-content\/uploads\/2022\/10\/DSC07943-scaled.jpg\" \/>\n\t<meta property=\"og:image:width\" content=\"2560\" \/>\n\t<meta property=\"og:image:height\" content=\"1707\" \/>\n\t<meta property=\"og:image:type\" content=\"image\/jpeg\" \/>\n<meta name=\"twitter:card\" content=\"summary_large_image\" \/>\n<meta name=\"twitter:label1\" content=\"Dur\u00e9e de lecture estim\u00e9e\" \/>\n\t<meta name=\"twitter:data1\" content=\"6 minutes\" \/>\n<script type=\"application\/ld+json\" class=\"yoast-schema-graph\">{\"@context\":\"https:\\\/\\\/schema.org\",\"@graph\":[{\"@type\":\"WebPage\",\"@id\":\"https:\\\/\\\/adventurecommunication.com\\\/index.php\\\/politique-de-confidentialite-2\\\/\",\"url\":\"https:\\\/\\\/adventurecommunication.com\\\/index.php\\\/politique-de-confidentialite-2\\\/\",\"name\":\"Politique de confidentialit\u00e9 - Adventure communication\",\"isPartOf\":{\"@id\":\"https:\\\/\\\/adventurecommunication.com\\\/#website\"},\"datePublished\":\"2022-08-30T14:20:22+00:00\",\"dateModified\":\"2022-10-28T09:34:36+00:00\",\"description\":\"Freelance : R\u00e9alisation vid\u00e9o, photographie, graphisme et WordPress sur Lyon, le Beaujolais, l'Ain et toute la r\u00e9gion Auvergne-Rh\u00f4ne-Alpes.\",\"breadcrumb\":{\"@id\":\"https:\\\/\\\/adventurecommunication.com\\\/index.php\\\/politique-de-confidentialite-2\\\/#breadcrumb\"},\"inLanguage\":\"fr-FR\",\"potentialAction\":[{\"@type\":\"ReadAction\",\"target\":[\"https:\\\/\\\/adventurecommunication.com\\\/index.php\\\/politique-de-confidentialite-2\\\/\"]}]},{\"@type\":\"BreadcrumbList\",\"@id\":\"https:\\\/\\\/adventurecommunication.com\\\/index.php\\\/politique-de-confidentialite-2\\\/#breadcrumb\",\"itemListElement\":[{\"@type\":\"ListItem\",\"position\":1,\"name\":\"Accueil\",\"item\":\"https:\\\/\\\/adventurecommunication.com\\\/\"},{\"@type\":\"ListItem\",\"position\":2,\"name\":\"Politique de confidentialit\u00e9\"}]},{\"@type\":\"WebSite\",\"@id\":\"https:\\\/\\\/adventurecommunication.com\\\/#website\",\"url\":\"https:\\\/\\\/adventurecommunication.com\\\/\",\"name\":\"Adventure communication\",\"description\":\"Vivez votre aventure\",\"publisher\":{\"@id\":\"https:\\\/\\\/adventurecommunication.com\\\/#organization\"},\"potentialAction\":[{\"@type\":\"SearchAction\",\"target\":{\"@type\":\"EntryPoint\",\"urlTemplate\":\"https:\\\/\\\/adventurecommunication.com\\\/?s={search_term_string}\"},\"query-input\":{\"@type\":\"PropertyValueSpecification\",\"valueRequired\":true,\"valueName\":\"search_term_string\"}}],\"inLanguage\":\"fr-FR\"},{\"@type\":\"Organization\",\"@id\":\"https:\\\/\\\/adventurecommunication.com\\\/#organization\",\"name\":\"Adventure Communication\",\"url\":\"https:\\\/\\\/adventurecommunication.com\\\/\",\"logo\":{\"@type\":\"ImageObject\",\"inLanguage\":\"fr-FR\",\"@id\":\"https:\\\/\\\/adventurecommunication.com\\\/#\\\/schema\\\/logo\\\/image\\\/\",\"url\":\"http:\\\/\\\/adventurecommunication.com\\\/wp-content\\\/uploads\\\/2022\\\/10\\\/Adventure_icon.jpg\",\"contentUrl\":\"http:\\\/\\\/adventurecommunication.com\\\/wp-content\\\/uploads\\\/2022\\\/10\\\/Adventure_icon.jpg\",\"width\":512,\"height\":512,\"caption\":\"Adventure Communication\"},\"image\":{\"@id\":\"https:\\\/\\\/adventurecommunication.com\\\/#\\\/schema\\\/logo\\\/image\\\/\"},\"sameAs\":[\"https:\\\/\\\/www.facebook.com\\\/profile.php?id=100083773398221\",\"https:\\\/\\\/www.youtube.com\\\/channel\\\/UCs6Z7aQND2ypC6eGsdFLXsA\",\"https:\\\/\\\/www.instagram.com\\\/adventure.communication\\\/\",\"https:\\\/\\\/www.linkedin.com\\\/company\\\/adventurecomunication\\\/\"]}]}<\/script>\n<!-- \/ Yoast SEO plugin. -->","yoast_head_json":{"title":"Politique de confidentialit\u00e9 - Adventure communication","description":"Freelance : R\u00e9alisation vid\u00e9o, photographie, graphisme et WordPress sur Lyon, le Beaujolais, l'Ain et toute la r\u00e9gion Auvergne-Rh\u00f4ne-Alpes.","robots":{"index":"index","follow":"follow","max-snippet":"max-snippet:-1","max-image-preview":"max-image-preview:large","max-video-preview":"max-video-preview:-1"},"canonical":"https:\/\/adventurecommunication.com\/index.php\/politique-de-confidentialite-2\/","og_locale":"fr_FR","og_type":"article","og_title":"Politique de confidentialit\u00e9 - Adventure communication","og_description":"Freelance : R\u00e9alisation vid\u00e9o, photographie, graphisme et WordPress sur Lyon, le Beaujolais, l'Ain et toute la r\u00e9gion Auvergne-Rh\u00f4ne-Alpes.","og_url":"https:\/\/adventurecommunication.com\/index.php\/politique-de-confidentialite-2\/","og_site_name":"Adventure communication","article_publisher":"https:\/\/www.facebook.com\/profile.php?id=100083773398221","article_modified_time":"2022-10-28T09:34:36+00:00","og_image":[{"width":2560,"height":1707,"url":"https:\/\/adventurecommunication.com\/wp-content\/uploads\/2022\/10\/DSC07943-scaled.jpg","type":"image\/jpeg"}],"twitter_card":"summary_large_image","twitter_misc":{"Dur\u00e9e de lecture estim\u00e9e":"6 minutes"},"schema":{"@context":"https:\/\/schema.org","@graph":[{"@type":"WebPage","@id":"https:\/\/adventurecommunication.com\/index.php\/politique-de-confidentialite-2\/","url":"https:\/\/adventurecommunication.com\/index.php\/politique-de-confidentialite-2\/","name":"Politique de confidentialit\u00e9 - Adventure communication","isPartOf":{"@id":"https:\/\/adventurecommunication.com\/#website"},"datePublished":"2022-08-30T14:20:22+00:00","dateModified":"2022-10-28T09:34:36+00:00","description":"Freelance : R\u00e9alisation vid\u00e9o, photographie, graphisme et WordPress sur Lyon, le Beaujolais, l'Ain et toute la r\u00e9gion Auvergne-Rh\u00f4ne-Alpes.","breadcrumb":{"@id":"https:\/\/adventurecommunication.com\/index.php\/politique-de-confidentialite-2\/#breadcrumb"},"inLanguage":"fr-FR","potentialAction":[{"@type":"ReadAction","target":["https:\/\/adventurecommunication.com\/index.php\/politique-de-confidentialite-2\/"]}]},{"@type":"BreadcrumbList","@id":"https:\/\/adventurecommunication.com\/index.php\/politique-de-confidentialite-2\/#breadcrumb","itemListElement":[{"@type":"ListItem","position":1,"name":"Accueil","item":"https:\/\/adventurecommunication.com\/"},{"@type":"ListItem","position":2,"name":"Politique de confidentialit\u00e9"}]},{"@type":"WebSite","@id":"https:\/\/adventurecommunication.com\/#website","url":"https:\/\/adventurecommunication.com\/","name":"Adventure communication","description":"Vivez votre aventure","publisher":{"@id":"https:\/\/adventurecommunication.com\/#organization"},"potentialAction":[{"@type":"SearchAction","target":{"@type":"EntryPoint","urlTemplate":"https:\/\/adventurecommunication.com\/?s={search_term_string}"},"query-input":{"@type":"PropertyValueSpecification","valueRequired":true,"valueName":"search_term_string"}}],"inLanguage":"fr-FR"},{"@type":"Organization","@id":"https:\/\/adventurecommunication.com\/#organization","name":"Adventure Communication","url":"https:\/\/adventurecommunication.com\/","logo":{"@type":"ImageObject","inLanguage":"fr-FR","@id":"https:\/\/adventurecommunication.com\/#\/schema\/logo\/image\/","url":"http:\/\/adventurecommunication.com\/wp-content\/uploads\/2022\/10\/Adventure_icon.jpg","contentUrl":"http:\/\/adventurecommunication.com\/wp-content\/uploads\/2022\/10\/Adventure_icon.jpg","width":512,"height":512,"caption":"Adventure Communication"},"image":{"@id":"https:\/\/adventurecommunication.com\/#\/schema\/logo\/image\/"},"sameAs":["https:\/\/www.facebook.com\/profile.php?id=100083773398221","https:\/\/www.youtube.com\/channel\/UCs6Z7aQND2ypC6eGsdFLXsA","https:\/\/www.instagram.com\/adventure.communication\/","https:\/\/www.linkedin.com\/company\/adventurecomunication\/"]}]}},"jetpack_sharing_enabled":true,"_links":{"self":[{"href":"https:\/\/adventurecommunication.com\/index.php\/wp-json\/wp\/v2\/pages\/2","targetHints":{"allow":["GET"]}}],"collection":[{"href":"https:\/\/adventurecommunication.com\/index.php\/wp-json\/wp\/v2\/pages"}],"about":[{"href":"https:\/\/adventurecommunication.com\/index.php\/wp-json\/wp\/v2\/types\/page"}],"author":[{"embeddable":true,"href":"https:\/\/adventurecommunication.com\/index.php\/wp-json\/wp\/v2\/users\/1"}],"replies":[{"embeddable":true,"href":"https:\/\/adventurecommunication.com\/index.php\/wp-json\/wp\/v2\/comments?post=2"}],"version-history":[{"count":4,"href":"https:\/\/adventurecommunication.com\/index.php\/wp-json\/wp\/v2\/pages\/2\/revisions"}],"predecessor-version":[{"id":897,"href":"https:\/\/adventurecommunication.com\/index.php\/wp-json\/wp\/v2\/pages\/2\/revisions\/897"}],"wp:attachment":[{"href":"https:\/\/adventurecommunication.com\/index.php\/wp-json\/wp\/v2\/media?parent=2"}],"curies":[{"name":"wp","href":"https:\/\/api.w.org\/{rel}","templated":true}]}}