{"id":1053,"date":"2023-09-29T16:55:52","date_gmt":"2023-09-29T14:55:52","guid":{"rendered":"https:\/\/adventurecommunication.com\/?page_id=1053"},"modified":"2023-09-29T16:56:33","modified_gmt":"2023-09-29T14:56:33","slug":"mentions-legales","status":"publish","type":"page","link":"https:\/\/adventurecommunication.com\/index.php\/mentions-legales\/","title":{"rendered":"Mentions l\u00e9gales"},"content":{"rendered":"\t\t<div data-elementor-type=\"wp-page\" data-elementor-id=\"1053\" class=\"elementor elementor-1053\">\n\t\t\t\t\t\t<section class=\"elementor-section elementor-top-section elementor-element elementor-element-8caa0c7 elementor-section-boxed elementor-section-height-default elementor-section-height-default\" data-id=\"8caa0c7\" data-element_type=\"section\" data-e-type=\"section\">\n\t\t\t\t\t\t<div class=\"elementor-container elementor-column-gap-default\">\n\t\t\t\t\t<div class=\"elementor-column elementor-col-100 elementor-top-column elementor-element elementor-element-26834d0\" data-id=\"26834d0\" data-element_type=\"column\" data-e-type=\"column\">\n\t\t\t<div class=\"elementor-widget-wrap elementor-element-populated\">\n\t\t\t\t\t\t<div class=\"elementor-element elementor-element-0ff6ec6 elementor-widget elementor-widget-heading\" data-id=\"0ff6ec6\" data-element_type=\"widget\" data-e-type=\"widget\" data-widget_type=\"heading.default\">\n\t\t\t\t<div class=\"elementor-widget-container\">\n\t\t\t\t\t<h2 class=\"elementor-heading-title elementor-size-default\">Mentions l\u00e9gales<\/h2>\t\t\t\t<\/div>\n\t\t\t\t<\/div>\n\t\t\t\t\t<\/div>\n\t\t<\/div>\n\t\t\t\t\t<\/div>\n\t\t<\/section>\n\t\t\t\t<section class=\"elementor-section elementor-top-section elementor-element elementor-element-28f0467 elementor-section-boxed elementor-section-height-default elementor-section-height-default\" data-id=\"28f0467\" data-element_type=\"section\" data-e-type=\"section\">\n\t\t\t\t\t\t<div class=\"elementor-container elementor-column-gap-default\">\n\t\t\t\t\t<div class=\"elementor-column elementor-col-100 elementor-top-column elementor-element elementor-element-dff58bf\" data-id=\"dff58bf\" data-element_type=\"column\" data-e-type=\"column\">\n\t\t\t<div class=\"elementor-widget-wrap elementor-element-populated\">\n\t\t\t\t\t\t<div class=\"elementor-element elementor-element-c700053 elementor-widget elementor-widget-text-editor\" data-id=\"c700053\" data-element_type=\"widget\" data-e-type=\"widget\" data-widget_type=\"text-editor.default\">\n\t\t\t\t<div class=\"elementor-widget-container\">\n\t\t\t\t\t\t\t\t\t<div id=\"bgLayers_comp-kbvvl3ts\" class=\"MW5IWV\" data-hook=\"bgLayers\"><div id=\"bgMedia_comp-kbvvl3ts\" class=\"VgO9Yg\"><strong>\u00c9diteur du site internet<\/strong><\/div><div>\u00a0<\/div><\/div><div class=\"\" data-mesh-id=\"comp-kbvvl3tsinlineContent\" data-testid=\"inline-content\"><div data-mesh-id=\"comp-kbvvl3tsinlineContent-gridContainer\" data-testid=\"mesh-container-content\"><div id=\"comp-kbvvl3tu3\" class=\"BaOVQ8 tz5f0K comp-kbvvl3tu3 wixui-rich-text\" data-testid=\"richTextElement\"><p class=\"font_8 wixui-rich-text__text\"><span class=\"color_11 wixui-rich-text__text\">Le site internet\u00a0<a class=\"wixui-rich-text__text\" href=\"http:\/\/www.berthoudshop.com\/\" target=\"_blank\" rel=\"noopener\" data-auto-recognition=\"true\">www.adventurecommunication<\/a> est \u00e9dit\u00e9 par M. Aur\u00e9lien CHALAYE (entrepreneur individuel) sous le nom Adventure Communication bas\u00e9 au 202 rue de la r\u00e9publique Saint Trivier-sur-Moignans 01990.<\/span><\/p><p>SIRET : 91776254400018<\/p><p class=\"font_8 wixui-rich-text__text\"><span class=\"color_11 wixui-rich-text__text\">Num\u00e9ro de t\u00e9l\u00e9phone : 06 4682 37 32<\/span><\/p><p class=\"font_8 wixui-rich-text__text\"><span class=\"color_11 wixui-rich-text__text\">Email de contact\u00a0:\u00a0<a class=\"wixui-rich-text__text\" href=\"mailto:contact@berthoud.com\" data-auto-recognition=\"true\">aurelien@adventurecommunication.com<\/a><\/span><\/p><p class=\"font_8 wixui-rich-text__text\"><strong><span class=\"wixui-rich-text__text\"><span class=\"color_11 wixui-rich-text__text\">HEBERGEUR DU SITE INTERNET<\/span><\/span><\/strong><\/p><p class=\"font_8\"><span class=\"color_11\">Le Fournisseur assurant l\u2019h\u00e9bergement du site internet est la soci\u00e9t\u00e9 par actions OVH dont le si\u00e8ge social est situ\u00e9 :\u00a02 rue Kellermann \u2013 59100 Roubaix \u2013 France<\/span><\/p><p>SAS au capital de 10 174 560 \u20ac<\/p><div class=\"marginTop20\">RCS Lille M\u00e9tropole 424 761 419 00045<br \/>Code APE 2620Z<br \/>N\u00b0 TVA : FR 22 424 761 419<\/div><p class=\"font_8 wixui-rich-text__text\"><span class=\"color_11 wixui-rich-text__text\">\u00a0<\/span><\/p><p class=\"font_8 wixui-rich-text__text\"><span class=\"color_11 wixui-rich-text__text\">Adventure Communication pourra \u00eatre amen\u00e9e \u00e0 modifier et actualiser les mentions l\u00e9gales susvis\u00e9es \u00e0 tout moment et sans pr\u00e9avis.<\/span><\/p><p class=\"font_8 wixui-rich-text__text\"><span class=\"color_11 wixui-rich-text__text\">Nous vous invitons en cons\u00e9quence \u00e0 les consulter r\u00e9guli\u00e8rement.<\/span><\/p><\/div><\/div><\/div>\t\t\t\t\t\t\t\t<\/div>\n\t\t\t\t<\/div>\n\t\t\t\t\t<\/div>\n\t\t<\/div>\n\t\t\t\t\t<\/div>\n\t\t<\/section>\n\t\t\t\t<\/div>\n\t\t","protected":false},"excerpt":{"rendered":"<p>Mentions l\u00e9gales \u00c9diteur du site internet\u00a0 Le site internet\u00a0www.adventurecommunication est \u00e9dit\u00e9 par M. Aur\u00e9lien CHALAYE (entrepreneur individuel) sous le nom Adventure Communication bas\u00e9 au 202 rue de la r\u00e9publique Saint Trivier-sur-Moignans 01990. SIRET : 91776254400018 Num\u00e9ro de t\u00e9l\u00e9phone : 06 4682 37 32 Email de contact\u00a0:\u00a0aurelien@adventurecommunication.com HEBERGEUR DU SITE INTERNET Le Fournisseur assurant l\u2019h\u00e9bergement du&#8230;<\/p>\n","protected":false},"author":1,"featured_media":0,"parent":0,"menu_order":0,"comment_status":"closed","ping_status":"closed","template":"","meta":{"om_disable_all_campaigns":false,"inline_featured_image":false,"footnotes":""},"class_list":["post-1053","page","type-page","status-publish","hentry"],"yoast_head":"<!-- This site is optimized with the Yoast SEO plugin v27.3 - https:\/\/yoast.com\/product\/yoast-seo-wordpress\/ -->\n<title>Mentions l\u00e9gales - Adventure communication<\/title>\n<meta name=\"description\" content=\"Freelance : R\u00e9alisation vid\u00e9o, photographie, graphisme et WordPress sur Lyon, le Beaujolais, l&#039;Ain et toute la r\u00e9gion Auvergne-Rh\u00f4ne-Alpes.\" \/>\n<meta name=\"robots\" content=\"index, follow, max-snippet:-1, max-image-preview:large, max-video-preview:-1\" \/>\n<link rel=\"canonical\" href=\"https:\/\/adventurecommunication.com\/index.php\/mentions-legales\/\" \/>\n<meta property=\"og:locale\" content=\"fr_FR\" \/>\n<meta property=\"og:type\" content=\"article\" \/>\n<meta property=\"og:title\" content=\"Mentions l\u00e9gales - Adventure communication\" \/>\n<meta property=\"og:description\" content=\"Freelance : R\u00e9alisation vid\u00e9o, photographie, graphisme et WordPress sur Lyon, le Beaujolais, l&#039;Ain et toute la r\u00e9gion Auvergne-Rh\u00f4ne-Alpes.\" \/>\n<meta property=\"og:url\" content=\"https:\/\/adventurecommunication.com\/index.php\/mentions-legales\/\" \/>\n<meta property=\"og:site_name\" content=\"Adventure communication\" \/>\n<meta property=\"article:publisher\" content=\"https:\/\/www.facebook.com\/profile.php?id=100083773398221\" \/>\n<meta property=\"article:modified_time\" content=\"2023-09-29T14:56:33+00:00\" \/>\n<meta property=\"og:image\" content=\"https:\/\/adventurecommunication.com\/wp-content\/uploads\/2022\/10\/DSC07943-scaled.jpg\" \/>\n\t<meta property=\"og:image:width\" content=\"2560\" \/>\n\t<meta property=\"og:image:height\" content=\"1707\" \/>\n\t<meta property=\"og:image:type\" content=\"image\/jpeg\" \/>\n<meta name=\"twitter:card\" content=\"summary_large_image\" \/>\n<meta name=\"twitter:label1\" content=\"Dur\u00e9e de lecture estim\u00e9e\" \/>\n\t<meta name=\"twitter:data1\" content=\"1 minute\" \/>\n<script type=\"application\/ld+json\" class=\"yoast-schema-graph\">{\"@context\":\"https:\\\/\\\/schema.org\",\"@graph\":[{\"@type\":\"WebPage\",\"@id\":\"https:\\\/\\\/adventurecommunication.com\\\/index.php\\\/mentions-legales\\\/\",\"url\":\"https:\\\/\\\/adventurecommunication.com\\\/index.php\\\/mentions-legales\\\/\",\"name\":\"Mentions l\u00e9gales - Adventure communication\",\"isPartOf\":{\"@id\":\"http:\\\/\\\/adventurecommunication.com\\\/#website\"},\"datePublished\":\"2023-09-29T14:55:52+00:00\",\"dateModified\":\"2023-09-29T14:56:33+00:00\",\"description\":\"Freelance : R\u00e9alisation vid\u00e9o, photographie, graphisme et WordPress sur Lyon, le Beaujolais, l'Ain et toute la r\u00e9gion Auvergne-Rh\u00f4ne-Alpes.\",\"breadcrumb\":{\"@id\":\"https:\\\/\\\/adventurecommunication.com\\\/index.php\\\/mentions-legales\\\/#breadcrumb\"},\"inLanguage\":\"fr-FR\",\"potentialAction\":[{\"@type\":\"ReadAction\",\"target\":[\"https:\\\/\\\/adventurecommunication.com\\\/index.php\\\/mentions-legales\\\/\"]}]},{\"@type\":\"BreadcrumbList\",\"@id\":\"https:\\\/\\\/adventurecommunication.com\\\/index.php\\\/mentions-legales\\\/#breadcrumb\",\"itemListElement\":[{\"@type\":\"ListItem\",\"position\":1,\"name\":\"Accueil\",\"item\":\"http:\\\/\\\/adventurecommunication.com\\\/\"},{\"@type\":\"ListItem\",\"position\":2,\"name\":\"Mentions l\u00e9gales\"}]},{\"@type\":\"WebSite\",\"@id\":\"http:\\\/\\\/adventurecommunication.com\\\/#website\",\"url\":\"http:\\\/\\\/adventurecommunication.com\\\/\",\"name\":\"Adventure communication\",\"description\":\"Vivez votre aventure\",\"publisher\":{\"@id\":\"http:\\\/\\\/adventurecommunication.com\\\/#organization\"},\"potentialAction\":[{\"@type\":\"SearchAction\",\"target\":{\"@type\":\"EntryPoint\",\"urlTemplate\":\"http:\\\/\\\/adventurecommunication.com\\\/?s={search_term_string}\"},\"query-input\":{\"@type\":\"PropertyValueSpecification\",\"valueRequired\":true,\"valueName\":\"search_term_string\"}}],\"inLanguage\":\"fr-FR\"},{\"@type\":\"Organization\",\"@id\":\"http:\\\/\\\/adventurecommunication.com\\\/#organization\",\"name\":\"Adventure Communication\",\"url\":\"http:\\\/\\\/adventurecommunication.com\\\/\",\"logo\":{\"@type\":\"ImageObject\",\"inLanguage\":\"fr-FR\",\"@id\":\"http:\\\/\\\/adventurecommunication.com\\\/#\\\/schema\\\/logo\\\/image\\\/\",\"url\":\"http:\\\/\\\/adventurecommunication.com\\\/wp-content\\\/uploads\\\/2022\\\/10\\\/Adventure_icon.jpg\",\"contentUrl\":\"http:\\\/\\\/adventurecommunication.com\\\/wp-content\\\/uploads\\\/2022\\\/10\\\/Adventure_icon.jpg\",\"width\":512,\"height\":512,\"caption\":\"Adventure Communication\"},\"image\":{\"@id\":\"http:\\\/\\\/adventurecommunication.com\\\/#\\\/schema\\\/logo\\\/image\\\/\"},\"sameAs\":[\"https:\\\/\\\/www.facebook.com\\\/profile.php?id=100083773398221\",\"https:\\\/\\\/www.youtube.com\\\/channel\\\/UCs6Z7aQND2ypC6eGsdFLXsA\",\"https:\\\/\\\/www.instagram.com\\\/adventure.communication\\\/\",\"https:\\\/\\\/www.linkedin.com\\\/company\\\/adventurecomunication\\\/\"]}]}<\/script>\n<!-- \/ Yoast SEO plugin. -->","yoast_head_json":{"title":"Mentions l\u00e9gales - Adventure communication","description":"Freelance : R\u00e9alisation vid\u00e9o, photographie, graphisme et WordPress sur Lyon, le Beaujolais, l'Ain et toute la r\u00e9gion Auvergne-Rh\u00f4ne-Alpes.","robots":{"index":"index","follow":"follow","max-snippet":"max-snippet:-1","max-image-preview":"max-image-preview:large","max-video-preview":"max-video-preview:-1"},"canonical":"https:\/\/adventurecommunication.com\/index.php\/mentions-legales\/","og_locale":"fr_FR","og_type":"article","og_title":"Mentions l\u00e9gales - Adventure communication","og_description":"Freelance : R\u00e9alisation vid\u00e9o, photographie, graphisme et WordPress sur Lyon, le Beaujolais, l'Ain et toute la r\u00e9gion Auvergne-Rh\u00f4ne-Alpes.","og_url":"https:\/\/adventurecommunication.com\/index.php\/mentions-legales\/","og_site_name":"Adventure communication","article_publisher":"https:\/\/www.facebook.com\/profile.php?id=100083773398221","article_modified_time":"2023-09-29T14:56:33+00:00","og_image":[{"width":2560,"height":1707,"url":"https:\/\/adventurecommunication.com\/wp-content\/uploads\/2022\/10\/DSC07943-scaled.jpg","type":"image\/jpeg"}],"twitter_card":"summary_large_image","twitter_misc":{"Dur\u00e9e de lecture estim\u00e9e":"1 minute"},"schema":{"@context":"https:\/\/schema.org","@graph":[{"@type":"WebPage","@id":"https:\/\/adventurecommunication.com\/index.php\/mentions-legales\/","url":"https:\/\/adventurecommunication.com\/index.php\/mentions-legales\/","name":"Mentions l\u00e9gales - Adventure communication","isPartOf":{"@id":"http:\/\/adventurecommunication.com\/#website"},"datePublished":"2023-09-29T14:55:52+00:00","dateModified":"2023-09-29T14:56:33+00:00","description":"Freelance : R\u00e9alisation vid\u00e9o, photographie, graphisme et WordPress sur Lyon, le Beaujolais, l'Ain et toute la r\u00e9gion Auvergne-Rh\u00f4ne-Alpes.","breadcrumb":{"@id":"https:\/\/adventurecommunication.com\/index.php\/mentions-legales\/#breadcrumb"},"inLanguage":"fr-FR","potentialAction":[{"@type":"ReadAction","target":["https:\/\/adventurecommunication.com\/index.php\/mentions-legales\/"]}]},{"@type":"BreadcrumbList","@id":"https:\/\/adventurecommunication.com\/index.php\/mentions-legales\/#breadcrumb","itemListElement":[{"@type":"ListItem","position":1,"name":"Accueil","item":"http:\/\/adventurecommunication.com\/"},{"@type":"ListItem","position":2,"name":"Mentions l\u00e9gales"}]},{"@type":"WebSite","@id":"http:\/\/adventurecommunication.com\/#website","url":"http:\/\/adventurecommunication.com\/","name":"Adventure communication","description":"Vivez votre aventure","publisher":{"@id":"http:\/\/adventurecommunication.com\/#organization"},"potentialAction":[{"@type":"SearchAction","target":{"@type":"EntryPoint","urlTemplate":"http:\/\/adventurecommunication.com\/?s={search_term_string}"},"query-input":{"@type":"PropertyValueSpecification","valueRequired":true,"valueName":"search_term_string"}}],"inLanguage":"fr-FR"},{"@type":"Organization","@id":"http:\/\/adventurecommunication.com\/#organization","name":"Adventure Communication","url":"http:\/\/adventurecommunication.com\/","logo":{"@type":"ImageObject","inLanguage":"fr-FR","@id":"http:\/\/adventurecommunication.com\/#\/schema\/logo\/image\/","url":"http:\/\/adventurecommunication.com\/wp-content\/uploads\/2022\/10\/Adventure_icon.jpg","contentUrl":"http:\/\/adventurecommunication.com\/wp-content\/uploads\/2022\/10\/Adventure_icon.jpg","width":512,"height":512,"caption":"Adventure Communication"},"image":{"@id":"http:\/\/adventurecommunication.com\/#\/schema\/logo\/image\/"},"sameAs":["https:\/\/www.facebook.com\/profile.php?id=100083773398221","https:\/\/www.youtube.com\/channel\/UCs6Z7aQND2ypC6eGsdFLXsA","https:\/\/www.instagram.com\/adventure.communication\/","https:\/\/www.linkedin.com\/company\/adventurecomunication\/"]}]}},"jetpack_sharing_enabled":true,"_links":{"self":[{"href":"https:\/\/adventurecommunication.com\/index.php\/wp-json\/wp\/v2\/pages\/1053","targetHints":{"allow":["GET"]}}],"collection":[{"href":"https:\/\/adventurecommunication.com\/index.php\/wp-json\/wp\/v2\/pages"}],"about":[{"href":"https:\/\/adventurecommunication.com\/index.php\/wp-json\/wp\/v2\/types\/page"}],"author":[{"embeddable":true,"href":"https:\/\/adventurecommunication.com\/index.php\/wp-json\/wp\/v2\/users\/1"}],"replies":[{"embeddable":true,"href":"https:\/\/adventurecommunication.com\/index.php\/wp-json\/wp\/v2\/comments?post=1053"}],"version-history":[{"count":5,"href":"https:\/\/adventurecommunication.com\/index.php\/wp-json\/wp\/v2\/pages\/1053\/revisions"}],"predecessor-version":[{"id":1058,"href":"https:\/\/adventurecommunication.com\/index.php\/wp-json\/wp\/v2\/pages\/1053\/revisions\/1058"}],"wp:attachment":[{"href":"https:\/\/adventurecommunication.com\/index.php\/wp-json\/wp\/v2\/media?parent=1053"}],"curies":[{"name":"wp","href":"https:\/\/api.w.org\/{rel}","templated":true}]}}