{"id":1213,"date":"2024-07-01T14:08:08","date_gmt":"2024-07-01T12:08:08","guid":{"rendered":"https:\/\/adventurecommunication.com\/?post_type=product&#038;p=1213"},"modified":"2024-07-01T14:35:59","modified_gmt":"2024-07-01T12:35:59","slug":"audi-r8-gt","status":"publish","type":"product","link":"http:\/\/adventurecommunication.com\/index.php\/produit\/audi-r8-gt\/","title":{"rendered":"Audi R8 GT"},"content":{"rendered":"<p>L&rsquo;Audi R8 GT 2024 est une voiture de sport ultra-performante \u00e9quip\u00e9e d&rsquo;un moteur V10 atmosph\u00e9rique de 5,2 litres, produisant 620 chevaux. Elle acc\u00e9l\u00e8re de 0 \u00e0 100 km\/h en 3,4 secondes et atteint une vitesse maximale de 320 km\/h. Dot\u00e9e d&rsquo;une transmission int\u00e9grale quattro et d&rsquo;une bo\u00eete de vitesses \u00e0 double embrayage, elle offre une conduite dynamique et r\u00e9active. La carrosserie l\u00e9g\u00e8re en aluminium et fibre de carbone am\u00e9liore l&rsquo;agilit\u00e9 et les performances. L&rsquo;int\u00e9rieur raffin\u00e9 pr\u00e9sente des si\u00e8ges baquets, des finitions en Alcantara et un syst\u00e8me d&rsquo;infodivertissement avanc\u00e9. La R8 GT 2024 allie puissance brute, technologie de pointe et design \u00e9l\u00e9gant.<\/p>\n","protected":false},"excerpt":{"rendered":"<p>Version num\u00e9rique<\/p>\n","protected":false},"featured_media":1143,"comment_status":"open","ping_status":"closed","template":"","meta":{"om_disable_all_campaigns":false,"inline_featured_image":false},"product_brand":[],"product_cat":[44],"product_tag":[],"class_list":{"0":"post-1213","1":"product","2":"type-product","3":"status-publish","4":"has-post-thumbnail","6":"product_cat-automobile","8":"first","9":"instock","10":"downloadable","11":"shipping-taxable","12":"purchasable","13":"product-type-simple"},"yoast_head":"<!-- This site is optimized with the Yoast SEO plugin v27.3 - https:\/\/yoast.com\/product\/yoast-seo-wordpress\/ -->\n<title>Audi R8 GT - Adventure communication<\/title>\n<meta name=\"robots\" content=\"index, follow, max-snippet:-1, max-image-preview:large, max-video-preview:-1\" \/>\n<link rel=\"canonical\" href=\"http:\/\/adventurecommunication.com\/index.php\/produit\/audi-r8-gt\/\" \/>\n<meta property=\"og:locale\" content=\"fr_FR\" \/>\n<meta property=\"og:type\" content=\"article\" \/>\n<meta property=\"og:title\" content=\"Audi R8 GT - Adventure communication\" \/>\n<meta property=\"og:description\" content=\"Version num\u00e9rique\" \/>\n<meta property=\"og:url\" content=\"http:\/\/adventurecommunication.com\/index.php\/produit\/audi-r8-gt\/\" \/>\n<meta property=\"og:site_name\" content=\"Adventure communication\" \/>\n<meta property=\"article:publisher\" content=\"https:\/\/www.facebook.com\/profile.php?id=100083773398221\" \/>\n<meta property=\"article:modified_time\" content=\"2024-07-01T12:35:59+00:00\" \/>\n<meta property=\"og:image\" content=\"http:\/\/adventurecommunication.com\/wp-content\/uploads\/2024\/07\/posterevenement.jpg\" \/>\n\t<meta property=\"og:image:width\" content=\"1920\" \/>\n\t<meta property=\"og:image:height\" content=\"1281\" \/>\n\t<meta property=\"og:image:type\" content=\"image\/jpeg\" \/>\n<meta name=\"twitter:card\" content=\"summary_large_image\" \/>\n<meta name=\"twitter:label1\" content=\"Dur\u00e9e de lecture estim\u00e9e\" \/>\n\t<meta name=\"twitter:data1\" content=\"1 minute\" \/>\n<script type=\"application\/ld+json\" class=\"yoast-schema-graph\">{\"@context\":\"https:\\\/\\\/schema.org\",\"@graph\":[{\"@type\":\"WebPage\",\"@id\":\"http:\\\/\\\/adventurecommunication.com\\\/index.php\\\/produit\\\/audi-r8-gt\\\/\",\"url\":\"http:\\\/\\\/adventurecommunication.com\\\/index.php\\\/produit\\\/audi-r8-gt\\\/\",\"name\":\"Audi R8 GT - Adventure communication\",\"isPartOf\":{\"@id\":\"https:\\\/\\\/adventurecommunication.com\\\/#website\"},\"primaryImageOfPage\":{\"@id\":\"http:\\\/\\\/adventurecommunication.com\\\/index.php\\\/produit\\\/audi-r8-gt\\\/#primaryimage\"},\"image\":{\"@id\":\"http:\\\/\\\/adventurecommunication.com\\\/index.php\\\/produit\\\/audi-r8-gt\\\/#primaryimage\"},\"thumbnailUrl\":\"http:\\\/\\\/adventurecommunication.com\\\/wp-content\\\/uploads\\\/2024\\\/07\\\/posterevenement.jpg\",\"datePublished\":\"2024-07-01T12:08:08+00:00\",\"dateModified\":\"2024-07-01T12:35:59+00:00\",\"breadcrumb\":{\"@id\":\"http:\\\/\\\/adventurecommunication.com\\\/index.php\\\/produit\\\/audi-r8-gt\\\/#breadcrumb\"},\"inLanguage\":\"fr-FR\",\"potentialAction\":[{\"@type\":\"ReadAction\",\"target\":[\"http:\\\/\\\/adventurecommunication.com\\\/index.php\\\/produit\\\/audi-r8-gt\\\/\"]}]},{\"@type\":\"ImageObject\",\"inLanguage\":\"fr-FR\",\"@id\":\"http:\\\/\\\/adventurecommunication.com\\\/index.php\\\/produit\\\/audi-r8-gt\\\/#primaryimage\",\"url\":\"http:\\\/\\\/adventurecommunication.com\\\/wp-content\\\/uploads\\\/2024\\\/07\\\/posterevenement.jpg\",\"contentUrl\":\"http:\\\/\\\/adventurecommunication.com\\\/wp-content\\\/uploads\\\/2024\\\/07\\\/posterevenement.jpg\",\"width\":1920,\"height\":1281},{\"@type\":\"BreadcrumbList\",\"@id\":\"http:\\\/\\\/adventurecommunication.com\\\/index.php\\\/produit\\\/audi-r8-gt\\\/#breadcrumb\",\"itemListElement\":[{\"@type\":\"ListItem\",\"position\":1,\"name\":\"Accueil\",\"item\":\"https:\\\/\\\/adventurecommunication.com\\\/\"},{\"@type\":\"ListItem\",\"position\":2,\"name\":\"Boutique\",\"item\":\"http:\\\/\\\/adventurecommunication.com\\\/index.php\\\/boutique\\\/\"},{\"@type\":\"ListItem\",\"position\":3,\"name\":\"Audi R8 GT\"}]},{\"@type\":\"WebSite\",\"@id\":\"https:\\\/\\\/adventurecommunication.com\\\/#website\",\"url\":\"https:\\\/\\\/adventurecommunication.com\\\/\",\"name\":\"Adventure communication\",\"description\":\"Vivez votre aventure\",\"publisher\":{\"@id\":\"https:\\\/\\\/adventurecommunication.com\\\/#organization\"},\"potentialAction\":[{\"@type\":\"SearchAction\",\"target\":{\"@type\":\"EntryPoint\",\"urlTemplate\":\"https:\\\/\\\/adventurecommunication.com\\\/?s={search_term_string}\"},\"query-input\":{\"@type\":\"PropertyValueSpecification\",\"valueRequired\":true,\"valueName\":\"search_term_string\"}}],\"inLanguage\":\"fr-FR\"},{\"@type\":\"Organization\",\"@id\":\"https:\\\/\\\/adventurecommunication.com\\\/#organization\",\"name\":\"Adventure Communication\",\"url\":\"https:\\\/\\\/adventurecommunication.com\\\/\",\"logo\":{\"@type\":\"ImageObject\",\"inLanguage\":\"fr-FR\",\"@id\":\"https:\\\/\\\/adventurecommunication.com\\\/#\\\/schema\\\/logo\\\/image\\\/\",\"url\":\"http:\\\/\\\/adventurecommunication.com\\\/wp-content\\\/uploads\\\/2022\\\/10\\\/Adventure_icon.jpg\",\"contentUrl\":\"http:\\\/\\\/adventurecommunication.com\\\/wp-content\\\/uploads\\\/2022\\\/10\\\/Adventure_icon.jpg\",\"width\":512,\"height\":512,\"caption\":\"Adventure Communication\"},\"image\":{\"@id\":\"https:\\\/\\\/adventurecommunication.com\\\/#\\\/schema\\\/logo\\\/image\\\/\"},\"sameAs\":[\"https:\\\/\\\/www.facebook.com\\\/profile.php?id=100083773398221\",\"https:\\\/\\\/www.youtube.com\\\/channel\\\/UCs6Z7aQND2ypC6eGsdFLXsA\",\"https:\\\/\\\/www.instagram.com\\\/adventure.communication\\\/\",\"https:\\\/\\\/www.linkedin.com\\\/company\\\/adventurecomunication\\\/\"]}]}<\/script>\n<!-- \/ Yoast SEO plugin. -->","yoast_head_json":{"title":"Audi R8 GT - Adventure communication","robots":{"index":"index","follow":"follow","max-snippet":"max-snippet:-1","max-image-preview":"max-image-preview:large","max-video-preview":"max-video-preview:-1"},"canonical":"http:\/\/adventurecommunication.com\/index.php\/produit\/audi-r8-gt\/","og_locale":"fr_FR","og_type":"article","og_title":"Audi R8 GT - Adventure communication","og_description":"Version num\u00e9rique","og_url":"http:\/\/adventurecommunication.com\/index.php\/produit\/audi-r8-gt\/","og_site_name":"Adventure communication","article_publisher":"https:\/\/www.facebook.com\/profile.php?id=100083773398221","article_modified_time":"2024-07-01T12:35:59+00:00","og_image":[{"width":1920,"height":1281,"url":"http:\/\/adventurecommunication.com\/wp-content\/uploads\/2024\/07\/posterevenement.jpg","type":"image\/jpeg"}],"twitter_card":"summary_large_image","twitter_misc":{"Dur\u00e9e de lecture estim\u00e9e":"1 minute"},"schema":{"@context":"https:\/\/schema.org","@graph":[{"@type":"WebPage","@id":"http:\/\/adventurecommunication.com\/index.php\/produit\/audi-r8-gt\/","url":"http:\/\/adventurecommunication.com\/index.php\/produit\/audi-r8-gt\/","name":"Audi R8 GT - Adventure communication","isPartOf":{"@id":"https:\/\/adventurecommunication.com\/#website"},"primaryImageOfPage":{"@id":"http:\/\/adventurecommunication.com\/index.php\/produit\/audi-r8-gt\/#primaryimage"},"image":{"@id":"http:\/\/adventurecommunication.com\/index.php\/produit\/audi-r8-gt\/#primaryimage"},"thumbnailUrl":"http:\/\/adventurecommunication.com\/wp-content\/uploads\/2024\/07\/posterevenement.jpg","datePublished":"2024-07-01T12:08:08+00:00","dateModified":"2024-07-01T12:35:59+00:00","breadcrumb":{"@id":"http:\/\/adventurecommunication.com\/index.php\/produit\/audi-r8-gt\/#breadcrumb"},"inLanguage":"fr-FR","potentialAction":[{"@type":"ReadAction","target":["http:\/\/adventurecommunication.com\/index.php\/produit\/audi-r8-gt\/"]}]},{"@type":"ImageObject","inLanguage":"fr-FR","@id":"http:\/\/adventurecommunication.com\/index.php\/produit\/audi-r8-gt\/#primaryimage","url":"http:\/\/adventurecommunication.com\/wp-content\/uploads\/2024\/07\/posterevenement.jpg","contentUrl":"http:\/\/adventurecommunication.com\/wp-content\/uploads\/2024\/07\/posterevenement.jpg","width":1920,"height":1281},{"@type":"BreadcrumbList","@id":"http:\/\/adventurecommunication.com\/index.php\/produit\/audi-r8-gt\/#breadcrumb","itemListElement":[{"@type":"ListItem","position":1,"name":"Accueil","item":"https:\/\/adventurecommunication.com\/"},{"@type":"ListItem","position":2,"name":"Boutique","item":"http:\/\/adventurecommunication.com\/index.php\/boutique\/"},{"@type":"ListItem","position":3,"name":"Audi R8 GT"}]},{"@type":"WebSite","@id":"https:\/\/adventurecommunication.com\/#website","url":"https:\/\/adventurecommunication.com\/","name":"Adventure communication","description":"Vivez votre aventure","publisher":{"@id":"https:\/\/adventurecommunication.com\/#organization"},"potentialAction":[{"@type":"SearchAction","target":{"@type":"EntryPoint","urlTemplate":"https:\/\/adventurecommunication.com\/?s={search_term_string}"},"query-input":{"@type":"PropertyValueSpecification","valueRequired":true,"valueName":"search_term_string"}}],"inLanguage":"fr-FR"},{"@type":"Organization","@id":"https:\/\/adventurecommunication.com\/#organization","name":"Adventure Communication","url":"https:\/\/adventurecommunication.com\/","logo":{"@type":"ImageObject","inLanguage":"fr-FR","@id":"https:\/\/adventurecommunication.com\/#\/schema\/logo\/image\/","url":"http:\/\/adventurecommunication.com\/wp-content\/uploads\/2022\/10\/Adventure_icon.jpg","contentUrl":"http:\/\/adventurecommunication.com\/wp-content\/uploads\/2022\/10\/Adventure_icon.jpg","width":512,"height":512,"caption":"Adventure Communication"},"image":{"@id":"https:\/\/adventurecommunication.com\/#\/schema\/logo\/image\/"},"sameAs":["https:\/\/www.facebook.com\/profile.php?id=100083773398221","https:\/\/www.youtube.com\/channel\/UCs6Z7aQND2ypC6eGsdFLXsA","https:\/\/www.instagram.com\/adventure.communication\/","https:\/\/www.linkedin.com\/company\/adventurecomunication\/"]}]}},"jetpack_sharing_enabled":true,"_links":{"self":[{"href":"http:\/\/adventurecommunication.com\/index.php\/wp-json\/wp\/v2\/product\/1213","targetHints":{"allow":["GET"]}}],"collection":[{"href":"http:\/\/adventurecommunication.com\/index.php\/wp-json\/wp\/v2\/product"}],"about":[{"href":"http:\/\/adventurecommunication.com\/index.php\/wp-json\/wp\/v2\/types\/product"}],"replies":[{"embeddable":true,"href":"http:\/\/adventurecommunication.com\/index.php\/wp-json\/wp\/v2\/comments?post=1213"}],"wp:featuredmedia":[{"embeddable":true,"href":"http:\/\/adventurecommunication.com\/index.php\/wp-json\/wp\/v2\/media\/1143"}],"wp:attachment":[{"href":"http:\/\/adventurecommunication.com\/index.php\/wp-json\/wp\/v2\/media?parent=1213"}],"wp:term":[{"taxonomy":"product_brand","embeddable":true,"href":"http:\/\/adventurecommunication.com\/index.php\/wp-json\/wp\/v2\/product_brand?post=1213"},{"taxonomy":"product_cat","embeddable":true,"href":"http:\/\/adventurecommunication.com\/index.php\/wp-json\/wp\/v2\/product_cat?post=1213"},{"taxonomy":"product_tag","embeddable":true,"href":"http:\/\/adventurecommunication.com\/index.php\/wp-json\/wp\/v2\/product_tag?post=1213"}],"curies":[{"name":"wp","href":"https:\/\/api.w.org\/{rel}","templated":true}]}}