{"id":1210,"date":"2024-07-01T13:49:51","date_gmt":"2024-07-01T11:49:51","guid":{"rendered":"https:\/\/adventurecommunication.com\/?post_type=product&#038;p=1210"},"modified":"2024-07-01T14:35:59","modified_gmt":"2024-07-01T12:35:59","slug":"mclaren-artura-3","status":"publish","type":"product","link":"http:\/\/adventurecommunication.com\/index.php\/produit\/mclaren-artura-3\/","title":{"rendered":"McLaren Artura"},"content":{"rendered":"<p>McLaren Artura est une voiture de sport hybride rechargeable dot\u00e9e d&rsquo;un V6 biturbo de 3,0 litres et d&rsquo;un moteur \u00e9lectrique, offrant une puissance combin\u00e9e de 680 chevaux. Elle peut atteindre 100 km\/h en 3,0 secondes et propose une autonomie \u00e9lectrique de 30 km gr\u00e2ce \u00e0 sa batterie de 7,4 kWh. La carrosserie en fibre de carbone assure l\u00e9g\u00e8ret\u00e9 et robustesse, tandis que l&rsquo;int\u00e9rieur moderne et luxueux est ax\u00e9 sur le confort du conducteur. Elle incarne la fusion parfaite entre performance, technologie et durabilit\u00e9.<\/p>\n","protected":false},"excerpt":{"rendered":"<p>Version num\u00e9rique<\/p>\n","protected":false},"featured_media":1141,"comment_status":"open","ping_status":"closed","template":"","meta":{"om_disable_all_campaigns":false,"inline_featured_image":false},"product_brand":[],"product_cat":[44],"product_tag":[],"class_list":{"0":"post-1210","1":"product","2":"type-product","3":"status-publish","4":"has-post-thumbnail","6":"product_cat-automobile","8":"first","9":"instock","10":"downloadable","11":"shipping-taxable","12":"purchasable","13":"product-type-simple"},"yoast_head":"<!-- This site is optimized with the Yoast SEO plugin v27.3 - https:\/\/yoast.com\/product\/yoast-seo-wordpress\/ -->\n<title>McLaren Artura - Adventure communication<\/title>\n<meta name=\"robots\" content=\"index, follow, max-snippet:-1, max-image-preview:large, max-video-preview:-1\" \/>\n<link rel=\"canonical\" href=\"http:\/\/adventurecommunication.com\/index.php\/produit\/mclaren-artura-3\/\" \/>\n<meta property=\"og:locale\" content=\"fr_FR\" \/>\n<meta property=\"og:type\" content=\"article\" \/>\n<meta property=\"og:title\" content=\"McLaren Artura - Adventure communication\" \/>\n<meta property=\"og:description\" content=\"Version num\u00e9rique\" \/>\n<meta property=\"og:url\" content=\"http:\/\/adventurecommunication.com\/index.php\/produit\/mclaren-artura-3\/\" \/>\n<meta property=\"og:site_name\" content=\"Adventure communication\" \/>\n<meta property=\"article:publisher\" content=\"https:\/\/www.facebook.com\/profile.php?id=100083773398221\" \/>\n<meta property=\"article:modified_time\" content=\"2024-07-01T12:35:59+00:00\" \/>\n<meta property=\"og:image\" content=\"http:\/\/adventurecommunication.com\/wp-content\/uploads\/2024\/07\/POSTER_Mclarena.jpg\" \/>\n\t<meta property=\"og:image:width\" content=\"1920\" \/>\n\t<meta property=\"og:image:height\" content=\"1281\" \/>\n\t<meta property=\"og:image:type\" content=\"image\/jpeg\" \/>\n<meta name=\"twitter:card\" content=\"summary_large_image\" \/>\n<script type=\"application\/ld+json\" class=\"yoast-schema-graph\">{\"@context\":\"https:\\\/\\\/schema.org\",\"@graph\":[{\"@type\":\"WebPage\",\"@id\":\"http:\\\/\\\/adventurecommunication.com\\\/index.php\\\/produit\\\/mclaren-artura-3\\\/\",\"url\":\"http:\\\/\\\/adventurecommunication.com\\\/index.php\\\/produit\\\/mclaren-artura-3\\\/\",\"name\":\"McLaren Artura - Adventure communication\",\"isPartOf\":{\"@id\":\"https:\\\/\\\/adventurecommunication.com\\\/#website\"},\"primaryImageOfPage\":{\"@id\":\"http:\\\/\\\/adventurecommunication.com\\\/index.php\\\/produit\\\/mclaren-artura-3\\\/#primaryimage\"},\"image\":{\"@id\":\"http:\\\/\\\/adventurecommunication.com\\\/index.php\\\/produit\\\/mclaren-artura-3\\\/#primaryimage\"},\"thumbnailUrl\":\"http:\\\/\\\/adventurecommunication.com\\\/wp-content\\\/uploads\\\/2024\\\/07\\\/POSTER_Mclarena.jpg\",\"datePublished\":\"2024-07-01T11:49:51+00:00\",\"dateModified\":\"2024-07-01T12:35:59+00:00\",\"breadcrumb\":{\"@id\":\"http:\\\/\\\/adventurecommunication.com\\\/index.php\\\/produit\\\/mclaren-artura-3\\\/#breadcrumb\"},\"inLanguage\":\"fr-FR\",\"potentialAction\":[{\"@type\":\"ReadAction\",\"target\":[\"http:\\\/\\\/adventurecommunication.com\\\/index.php\\\/produit\\\/mclaren-artura-3\\\/\"]}]},{\"@type\":\"ImageObject\",\"inLanguage\":\"fr-FR\",\"@id\":\"http:\\\/\\\/adventurecommunication.com\\\/index.php\\\/produit\\\/mclaren-artura-3\\\/#primaryimage\",\"url\":\"http:\\\/\\\/adventurecommunication.com\\\/wp-content\\\/uploads\\\/2024\\\/07\\\/POSTER_Mclarena.jpg\",\"contentUrl\":\"http:\\\/\\\/adventurecommunication.com\\\/wp-content\\\/uploads\\\/2024\\\/07\\\/POSTER_Mclarena.jpg\",\"width\":1920,\"height\":1281},{\"@type\":\"BreadcrumbList\",\"@id\":\"http:\\\/\\\/adventurecommunication.com\\\/index.php\\\/produit\\\/mclaren-artura-3\\\/#breadcrumb\",\"itemListElement\":[{\"@type\":\"ListItem\",\"position\":1,\"name\":\"Accueil\",\"item\":\"https:\\\/\\\/adventurecommunication.com\\\/\"},{\"@type\":\"ListItem\",\"position\":2,\"name\":\"Boutique\",\"item\":\"http:\\\/\\\/adventurecommunication.com\\\/index.php\\\/boutique\\\/\"},{\"@type\":\"ListItem\",\"position\":3,\"name\":\"McLaren Artura\"}]},{\"@type\":\"WebSite\",\"@id\":\"https:\\\/\\\/adventurecommunication.com\\\/#website\",\"url\":\"https:\\\/\\\/adventurecommunication.com\\\/\",\"name\":\"Adventure communication\",\"description\":\"Vivez votre aventure\",\"publisher\":{\"@id\":\"https:\\\/\\\/adventurecommunication.com\\\/#organization\"},\"potentialAction\":[{\"@type\":\"SearchAction\",\"target\":{\"@type\":\"EntryPoint\",\"urlTemplate\":\"https:\\\/\\\/adventurecommunication.com\\\/?s={search_term_string}\"},\"query-input\":{\"@type\":\"PropertyValueSpecification\",\"valueRequired\":true,\"valueName\":\"search_term_string\"}}],\"inLanguage\":\"fr-FR\"},{\"@type\":\"Organization\",\"@id\":\"https:\\\/\\\/adventurecommunication.com\\\/#organization\",\"name\":\"Adventure Communication\",\"url\":\"https:\\\/\\\/adventurecommunication.com\\\/\",\"logo\":{\"@type\":\"ImageObject\",\"inLanguage\":\"fr-FR\",\"@id\":\"https:\\\/\\\/adventurecommunication.com\\\/#\\\/schema\\\/logo\\\/image\\\/\",\"url\":\"http:\\\/\\\/adventurecommunication.com\\\/wp-content\\\/uploads\\\/2022\\\/10\\\/Adventure_icon.jpg\",\"contentUrl\":\"http:\\\/\\\/adventurecommunication.com\\\/wp-content\\\/uploads\\\/2022\\\/10\\\/Adventure_icon.jpg\",\"width\":512,\"height\":512,\"caption\":\"Adventure Communication\"},\"image\":{\"@id\":\"https:\\\/\\\/adventurecommunication.com\\\/#\\\/schema\\\/logo\\\/image\\\/\"},\"sameAs\":[\"https:\\\/\\\/www.facebook.com\\\/profile.php?id=100083773398221\",\"https:\\\/\\\/www.youtube.com\\\/channel\\\/UCs6Z7aQND2ypC6eGsdFLXsA\",\"https:\\\/\\\/www.instagram.com\\\/adventure.communication\\\/\",\"https:\\\/\\\/www.linkedin.com\\\/company\\\/adventurecomunication\\\/\"]}]}<\/script>\n<!-- \/ Yoast SEO plugin. -->","yoast_head_json":{"title":"McLaren Artura - Adventure communication","robots":{"index":"index","follow":"follow","max-snippet":"max-snippet:-1","max-image-preview":"max-image-preview:large","max-video-preview":"max-video-preview:-1"},"canonical":"http:\/\/adventurecommunication.com\/index.php\/produit\/mclaren-artura-3\/","og_locale":"fr_FR","og_type":"article","og_title":"McLaren Artura - Adventure communication","og_description":"Version num\u00e9rique","og_url":"http:\/\/adventurecommunication.com\/index.php\/produit\/mclaren-artura-3\/","og_site_name":"Adventure communication","article_publisher":"https:\/\/www.facebook.com\/profile.php?id=100083773398221","article_modified_time":"2024-07-01T12:35:59+00:00","og_image":[{"width":1920,"height":1281,"url":"http:\/\/adventurecommunication.com\/wp-content\/uploads\/2024\/07\/POSTER_Mclarena.jpg","type":"image\/jpeg"}],"twitter_card":"summary_large_image","schema":{"@context":"https:\/\/schema.org","@graph":[{"@type":"WebPage","@id":"http:\/\/adventurecommunication.com\/index.php\/produit\/mclaren-artura-3\/","url":"http:\/\/adventurecommunication.com\/index.php\/produit\/mclaren-artura-3\/","name":"McLaren Artura - Adventure communication","isPartOf":{"@id":"https:\/\/adventurecommunication.com\/#website"},"primaryImageOfPage":{"@id":"http:\/\/adventurecommunication.com\/index.php\/produit\/mclaren-artura-3\/#primaryimage"},"image":{"@id":"http:\/\/adventurecommunication.com\/index.php\/produit\/mclaren-artura-3\/#primaryimage"},"thumbnailUrl":"http:\/\/adventurecommunication.com\/wp-content\/uploads\/2024\/07\/POSTER_Mclarena.jpg","datePublished":"2024-07-01T11:49:51+00:00","dateModified":"2024-07-01T12:35:59+00:00","breadcrumb":{"@id":"http:\/\/adventurecommunication.com\/index.php\/produit\/mclaren-artura-3\/#breadcrumb"},"inLanguage":"fr-FR","potentialAction":[{"@type":"ReadAction","target":["http:\/\/adventurecommunication.com\/index.php\/produit\/mclaren-artura-3\/"]}]},{"@type":"ImageObject","inLanguage":"fr-FR","@id":"http:\/\/adventurecommunication.com\/index.php\/produit\/mclaren-artura-3\/#primaryimage","url":"http:\/\/adventurecommunication.com\/wp-content\/uploads\/2024\/07\/POSTER_Mclarena.jpg","contentUrl":"http:\/\/adventurecommunication.com\/wp-content\/uploads\/2024\/07\/POSTER_Mclarena.jpg","width":1920,"height":1281},{"@type":"BreadcrumbList","@id":"http:\/\/adventurecommunication.com\/index.php\/produit\/mclaren-artura-3\/#breadcrumb","itemListElement":[{"@type":"ListItem","position":1,"name":"Accueil","item":"https:\/\/adventurecommunication.com\/"},{"@type":"ListItem","position":2,"name":"Boutique","item":"http:\/\/adventurecommunication.com\/index.php\/boutique\/"},{"@type":"ListItem","position":3,"name":"McLaren Artura"}]},{"@type":"WebSite","@id":"https:\/\/adventurecommunication.com\/#website","url":"https:\/\/adventurecommunication.com\/","name":"Adventure communication","description":"Vivez votre aventure","publisher":{"@id":"https:\/\/adventurecommunication.com\/#organization"},"potentialAction":[{"@type":"SearchAction","target":{"@type":"EntryPoint","urlTemplate":"https:\/\/adventurecommunication.com\/?s={search_term_string}"},"query-input":{"@type":"PropertyValueSpecification","valueRequired":true,"valueName":"search_term_string"}}],"inLanguage":"fr-FR"},{"@type":"Organization","@id":"https:\/\/adventurecommunication.com\/#organization","name":"Adventure Communication","url":"https:\/\/adventurecommunication.com\/","logo":{"@type":"ImageObject","inLanguage":"fr-FR","@id":"https:\/\/adventurecommunication.com\/#\/schema\/logo\/image\/","url":"http:\/\/adventurecommunication.com\/wp-content\/uploads\/2022\/10\/Adventure_icon.jpg","contentUrl":"http:\/\/adventurecommunication.com\/wp-content\/uploads\/2022\/10\/Adventure_icon.jpg","width":512,"height":512,"caption":"Adventure Communication"},"image":{"@id":"https:\/\/adventurecommunication.com\/#\/schema\/logo\/image\/"},"sameAs":["https:\/\/www.facebook.com\/profile.php?id=100083773398221","https:\/\/www.youtube.com\/channel\/UCs6Z7aQND2ypC6eGsdFLXsA","https:\/\/www.instagram.com\/adventure.communication\/","https:\/\/www.linkedin.com\/company\/adventurecomunication\/"]}]}},"jetpack_sharing_enabled":true,"_links":{"self":[{"href":"http:\/\/adventurecommunication.com\/index.php\/wp-json\/wp\/v2\/product\/1210","targetHints":{"allow":["GET"]}}],"collection":[{"href":"http:\/\/adventurecommunication.com\/index.php\/wp-json\/wp\/v2\/product"}],"about":[{"href":"http:\/\/adventurecommunication.com\/index.php\/wp-json\/wp\/v2\/types\/product"}],"replies":[{"embeddable":true,"href":"http:\/\/adventurecommunication.com\/index.php\/wp-json\/wp\/v2\/comments?post=1210"}],"wp:featuredmedia":[{"embeddable":true,"href":"http:\/\/adventurecommunication.com\/index.php\/wp-json\/wp\/v2\/media\/1141"}],"wp:attachment":[{"href":"http:\/\/adventurecommunication.com\/index.php\/wp-json\/wp\/v2\/media?parent=1210"}],"wp:term":[{"taxonomy":"product_brand","embeddable":true,"href":"http:\/\/adventurecommunication.com\/index.php\/wp-json\/wp\/v2\/product_brand?post=1210"},{"taxonomy":"product_cat","embeddable":true,"href":"http:\/\/adventurecommunication.com\/index.php\/wp-json\/wp\/v2\/product_cat?post=1210"},{"taxonomy":"product_tag","embeddable":true,"href":"http:\/\/adventurecommunication.com\/index.php\/wp-json\/wp\/v2\/product_tag?post=1210"}],"curies":[{"name":"wp","href":"https:\/\/api.w.org\/{rel}","templated":true}]}}