{"id":1204,"date":"2024-07-01T13:49:50","date_gmt":"2024-07-01T11:49:50","guid":{"rendered":"https:\/\/adventurecommunication.com\/?post_type=product&#038;p=1204"},"modified":"2024-07-01T14:35:58","modified_gmt":"2024-07-01T12:35:58","slug":"lamborghini-huracan-performante","status":"publish","type":"product","link":"http:\/\/adventurecommunication.com\/index.php\/produit\/lamborghini-huracan-performante\/","title":{"rendered":"Lamborghini Huracan performante"},"content":{"rendered":"<p>La Lamborghini Hurac\u00e1n Performante est une voiture de sport haute performance \u00e9quip\u00e9e d&rsquo;un moteur V10 atmosph\u00e9rique de 5,2 litres, produisant 640 chevaux. Elle acc\u00e9l\u00e8re de 0 \u00e0 100 km\/h en 2,9 secondes et atteint une vitesse maximale de 325 km\/h. Dot\u00e9e du syst\u00e8me a\u00e9rodynamique actif ALA et d&rsquo;une structure l\u00e9g\u00e8re en fibre de carbone, elle offre une maniabilit\u00e9 exceptionnelle. L&rsquo;int\u00e9rieur est orient\u00e9 vers le conducteur avec des si\u00e8ges baquets et des finitions en Alcantara. La Hurac\u00e1n Performante combine puissance, technologie avanc\u00e9e et design agressif pour une exp\u00e9rience de conduite exaltante.<\/p>\n","protected":false},"excerpt":{"rendered":"<p>Version num\u00e9rique<\/p>\n","protected":false},"featured_media":1140,"comment_status":"open","ping_status":"closed","template":"","meta":{"om_disable_all_campaigns":false,"inline_featured_image":false},"product_brand":[],"product_cat":[44],"product_tag":[],"class_list":{"0":"post-1204","1":"product","2":"type-product","3":"status-publish","4":"has-post-thumbnail","6":"product_cat-automobile","8":"first","9":"instock","10":"downloadable","11":"shipping-taxable","12":"purchasable","13":"product-type-simple"},"yoast_head":"<!-- This site is optimized with the Yoast SEO plugin v27.3 - https:\/\/yoast.com\/product\/yoast-seo-wordpress\/ -->\n<title>Lamborghini Huracan performante - Adventure communication<\/title>\n<meta name=\"robots\" content=\"index, follow, max-snippet:-1, max-image-preview:large, max-video-preview:-1\" \/>\n<link rel=\"canonical\" href=\"http:\/\/adventurecommunication.com\/index.php\/produit\/lamborghini-huracan-performante\/\" \/>\n<meta property=\"og:locale\" content=\"fr_FR\" \/>\n<meta property=\"og:type\" content=\"article\" \/>\n<meta property=\"og:title\" content=\"Lamborghini Huracan performante - Adventure communication\" \/>\n<meta property=\"og:description\" content=\"Version num\u00e9rique\" \/>\n<meta property=\"og:url\" content=\"http:\/\/adventurecommunication.com\/index.php\/produit\/lamborghini-huracan-performante\/\" \/>\n<meta property=\"og:site_name\" content=\"Adventure communication\" \/>\n<meta property=\"article:publisher\" content=\"https:\/\/www.facebook.com\/profile.php?id=100083773398221\" \/>\n<meta property=\"article:modified_time\" content=\"2024-07-01T12:35:58+00:00\" \/>\n<meta property=\"og:image\" content=\"http:\/\/adventurecommunication.com\/wp-content\/uploads\/2024\/07\/poster_huracan.jpg\" \/>\n\t<meta property=\"og:image:width\" content=\"1920\" \/>\n\t<meta property=\"og:image:height\" content=\"1281\" \/>\n\t<meta property=\"og:image:type\" content=\"image\/jpeg\" \/>\n<meta name=\"twitter:card\" content=\"summary_large_image\" \/>\n<meta name=\"twitter:label1\" content=\"Dur\u00e9e de lecture estim\u00e9e\" \/>\n\t<meta name=\"twitter:data1\" content=\"1 minute\" \/>\n<script type=\"application\/ld+json\" class=\"yoast-schema-graph\">{\"@context\":\"https:\\\/\\\/schema.org\",\"@graph\":[{\"@type\":\"WebPage\",\"@id\":\"http:\\\/\\\/adventurecommunication.com\\\/index.php\\\/produit\\\/lamborghini-huracan-performante\\\/\",\"url\":\"http:\\\/\\\/adventurecommunication.com\\\/index.php\\\/produit\\\/lamborghini-huracan-performante\\\/\",\"name\":\"Lamborghini Huracan performante - Adventure communication\",\"isPartOf\":{\"@id\":\"https:\\\/\\\/adventurecommunication.com\\\/#website\"},\"primaryImageOfPage\":{\"@id\":\"http:\\\/\\\/adventurecommunication.com\\\/index.php\\\/produit\\\/lamborghini-huracan-performante\\\/#primaryimage\"},\"image\":{\"@id\":\"http:\\\/\\\/adventurecommunication.com\\\/index.php\\\/produit\\\/lamborghini-huracan-performante\\\/#primaryimage\"},\"thumbnailUrl\":\"http:\\\/\\\/adventurecommunication.com\\\/wp-content\\\/uploads\\\/2024\\\/07\\\/poster_huracan.jpg\",\"datePublished\":\"2024-07-01T11:49:50+00:00\",\"dateModified\":\"2024-07-01T12:35:58+00:00\",\"breadcrumb\":{\"@id\":\"http:\\\/\\\/adventurecommunication.com\\\/index.php\\\/produit\\\/lamborghini-huracan-performante\\\/#breadcrumb\"},\"inLanguage\":\"fr-FR\",\"potentialAction\":[{\"@type\":\"ReadAction\",\"target\":[\"http:\\\/\\\/adventurecommunication.com\\\/index.php\\\/produit\\\/lamborghini-huracan-performante\\\/\"]}]},{\"@type\":\"ImageObject\",\"inLanguage\":\"fr-FR\",\"@id\":\"http:\\\/\\\/adventurecommunication.com\\\/index.php\\\/produit\\\/lamborghini-huracan-performante\\\/#primaryimage\",\"url\":\"http:\\\/\\\/adventurecommunication.com\\\/wp-content\\\/uploads\\\/2024\\\/07\\\/poster_huracan.jpg\",\"contentUrl\":\"http:\\\/\\\/adventurecommunication.com\\\/wp-content\\\/uploads\\\/2024\\\/07\\\/poster_huracan.jpg\",\"width\":1920,\"height\":1281},{\"@type\":\"BreadcrumbList\",\"@id\":\"http:\\\/\\\/adventurecommunication.com\\\/index.php\\\/produit\\\/lamborghini-huracan-performante\\\/#breadcrumb\",\"itemListElement\":[{\"@type\":\"ListItem\",\"position\":1,\"name\":\"Accueil\",\"item\":\"https:\\\/\\\/adventurecommunication.com\\\/\"},{\"@type\":\"ListItem\",\"position\":2,\"name\":\"Boutique\",\"item\":\"http:\\\/\\\/adventurecommunication.com\\\/index.php\\\/boutique\\\/\"},{\"@type\":\"ListItem\",\"position\":3,\"name\":\"Lamborghini Huracan performante\"}]},{\"@type\":\"WebSite\",\"@id\":\"https:\\\/\\\/adventurecommunication.com\\\/#website\",\"url\":\"https:\\\/\\\/adventurecommunication.com\\\/\",\"name\":\"Adventure communication\",\"description\":\"Vivez votre aventure\",\"publisher\":{\"@id\":\"https:\\\/\\\/adventurecommunication.com\\\/#organization\"},\"potentialAction\":[{\"@type\":\"SearchAction\",\"target\":{\"@type\":\"EntryPoint\",\"urlTemplate\":\"https:\\\/\\\/adventurecommunication.com\\\/?s={search_term_string}\"},\"query-input\":{\"@type\":\"PropertyValueSpecification\",\"valueRequired\":true,\"valueName\":\"search_term_string\"}}],\"inLanguage\":\"fr-FR\"},{\"@type\":\"Organization\",\"@id\":\"https:\\\/\\\/adventurecommunication.com\\\/#organization\",\"name\":\"Adventure Communication\",\"url\":\"https:\\\/\\\/adventurecommunication.com\\\/\",\"logo\":{\"@type\":\"ImageObject\",\"inLanguage\":\"fr-FR\",\"@id\":\"https:\\\/\\\/adventurecommunication.com\\\/#\\\/schema\\\/logo\\\/image\\\/\",\"url\":\"http:\\\/\\\/adventurecommunication.com\\\/wp-content\\\/uploads\\\/2022\\\/10\\\/Adventure_icon.jpg\",\"contentUrl\":\"http:\\\/\\\/adventurecommunication.com\\\/wp-content\\\/uploads\\\/2022\\\/10\\\/Adventure_icon.jpg\",\"width\":512,\"height\":512,\"caption\":\"Adventure Communication\"},\"image\":{\"@id\":\"https:\\\/\\\/adventurecommunication.com\\\/#\\\/schema\\\/logo\\\/image\\\/\"},\"sameAs\":[\"https:\\\/\\\/www.facebook.com\\\/profile.php?id=100083773398221\",\"https:\\\/\\\/www.youtube.com\\\/channel\\\/UCs6Z7aQND2ypC6eGsdFLXsA\",\"https:\\\/\\\/www.instagram.com\\\/adventure.communication\\\/\",\"https:\\\/\\\/www.linkedin.com\\\/company\\\/adventurecomunication\\\/\"]}]}<\/script>\n<!-- \/ Yoast SEO plugin. -->","yoast_head_json":{"title":"Lamborghini Huracan performante - Adventure communication","robots":{"index":"index","follow":"follow","max-snippet":"max-snippet:-1","max-image-preview":"max-image-preview:large","max-video-preview":"max-video-preview:-1"},"canonical":"http:\/\/adventurecommunication.com\/index.php\/produit\/lamborghini-huracan-performante\/","og_locale":"fr_FR","og_type":"article","og_title":"Lamborghini Huracan performante - Adventure communication","og_description":"Version num\u00e9rique","og_url":"http:\/\/adventurecommunication.com\/index.php\/produit\/lamborghini-huracan-performante\/","og_site_name":"Adventure communication","article_publisher":"https:\/\/www.facebook.com\/profile.php?id=100083773398221","article_modified_time":"2024-07-01T12:35:58+00:00","og_image":[{"width":1920,"height":1281,"url":"http:\/\/adventurecommunication.com\/wp-content\/uploads\/2024\/07\/poster_huracan.jpg","type":"image\/jpeg"}],"twitter_card":"summary_large_image","twitter_misc":{"Dur\u00e9e de lecture estim\u00e9e":"1 minute"},"schema":{"@context":"https:\/\/schema.org","@graph":[{"@type":"WebPage","@id":"http:\/\/adventurecommunication.com\/index.php\/produit\/lamborghini-huracan-performante\/","url":"http:\/\/adventurecommunication.com\/index.php\/produit\/lamborghini-huracan-performante\/","name":"Lamborghini Huracan performante - Adventure communication","isPartOf":{"@id":"https:\/\/adventurecommunication.com\/#website"},"primaryImageOfPage":{"@id":"http:\/\/adventurecommunication.com\/index.php\/produit\/lamborghini-huracan-performante\/#primaryimage"},"image":{"@id":"http:\/\/adventurecommunication.com\/index.php\/produit\/lamborghini-huracan-performante\/#primaryimage"},"thumbnailUrl":"http:\/\/adventurecommunication.com\/wp-content\/uploads\/2024\/07\/poster_huracan.jpg","datePublished":"2024-07-01T11:49:50+00:00","dateModified":"2024-07-01T12:35:58+00:00","breadcrumb":{"@id":"http:\/\/adventurecommunication.com\/index.php\/produit\/lamborghini-huracan-performante\/#breadcrumb"},"inLanguage":"fr-FR","potentialAction":[{"@type":"ReadAction","target":["http:\/\/adventurecommunication.com\/index.php\/produit\/lamborghini-huracan-performante\/"]}]},{"@type":"ImageObject","inLanguage":"fr-FR","@id":"http:\/\/adventurecommunication.com\/index.php\/produit\/lamborghini-huracan-performante\/#primaryimage","url":"http:\/\/adventurecommunication.com\/wp-content\/uploads\/2024\/07\/poster_huracan.jpg","contentUrl":"http:\/\/adventurecommunication.com\/wp-content\/uploads\/2024\/07\/poster_huracan.jpg","width":1920,"height":1281},{"@type":"BreadcrumbList","@id":"http:\/\/adventurecommunication.com\/index.php\/produit\/lamborghini-huracan-performante\/#breadcrumb","itemListElement":[{"@type":"ListItem","position":1,"name":"Accueil","item":"https:\/\/adventurecommunication.com\/"},{"@type":"ListItem","position":2,"name":"Boutique","item":"http:\/\/adventurecommunication.com\/index.php\/boutique\/"},{"@type":"ListItem","position":3,"name":"Lamborghini Huracan performante"}]},{"@type":"WebSite","@id":"https:\/\/adventurecommunication.com\/#website","url":"https:\/\/adventurecommunication.com\/","name":"Adventure communication","description":"Vivez votre aventure","publisher":{"@id":"https:\/\/adventurecommunication.com\/#organization"},"potentialAction":[{"@type":"SearchAction","target":{"@type":"EntryPoint","urlTemplate":"https:\/\/adventurecommunication.com\/?s={search_term_string}"},"query-input":{"@type":"PropertyValueSpecification","valueRequired":true,"valueName":"search_term_string"}}],"inLanguage":"fr-FR"},{"@type":"Organization","@id":"https:\/\/adventurecommunication.com\/#organization","name":"Adventure Communication","url":"https:\/\/adventurecommunication.com\/","logo":{"@type":"ImageObject","inLanguage":"fr-FR","@id":"https:\/\/adventurecommunication.com\/#\/schema\/logo\/image\/","url":"http:\/\/adventurecommunication.com\/wp-content\/uploads\/2022\/10\/Adventure_icon.jpg","contentUrl":"http:\/\/adventurecommunication.com\/wp-content\/uploads\/2022\/10\/Adventure_icon.jpg","width":512,"height":512,"caption":"Adventure Communication"},"image":{"@id":"https:\/\/adventurecommunication.com\/#\/schema\/logo\/image\/"},"sameAs":["https:\/\/www.facebook.com\/profile.php?id=100083773398221","https:\/\/www.youtube.com\/channel\/UCs6Z7aQND2ypC6eGsdFLXsA","https:\/\/www.instagram.com\/adventure.communication\/","https:\/\/www.linkedin.com\/company\/adventurecomunication\/"]}]}},"jetpack_sharing_enabled":true,"_links":{"self":[{"href":"http:\/\/adventurecommunication.com\/index.php\/wp-json\/wp\/v2\/product\/1204","targetHints":{"allow":["GET"]}}],"collection":[{"href":"http:\/\/adventurecommunication.com\/index.php\/wp-json\/wp\/v2\/product"}],"about":[{"href":"http:\/\/adventurecommunication.com\/index.php\/wp-json\/wp\/v2\/types\/product"}],"replies":[{"embeddable":true,"href":"http:\/\/adventurecommunication.com\/index.php\/wp-json\/wp\/v2\/comments?post=1204"}],"wp:featuredmedia":[{"embeddable":true,"href":"http:\/\/adventurecommunication.com\/index.php\/wp-json\/wp\/v2\/media\/1140"}],"wp:attachment":[{"href":"http:\/\/adventurecommunication.com\/index.php\/wp-json\/wp\/v2\/media?parent=1204"}],"wp:term":[{"taxonomy":"product_brand","embeddable":true,"href":"http:\/\/adventurecommunication.com\/index.php\/wp-json\/wp\/v2\/product_brand?post=1204"},{"taxonomy":"product_cat","embeddable":true,"href":"http:\/\/adventurecommunication.com\/index.php\/wp-json\/wp\/v2\/product_cat?post=1204"},{"taxonomy":"product_tag","embeddable":true,"href":"http:\/\/adventurecommunication.com\/index.php\/wp-json\/wp\/v2\/product_tag?post=1204"}],"curies":[{"name":"wp","href":"https:\/\/api.w.org\/{rel}","templated":true}]}}