{"id":1073,"date":"2024-07-01T08:16:02","date_gmt":"2024-07-01T06:16:02","guid":{"rendered":"https:\/\/adventurecommunication.com\/index.php\/panier\/"},"modified":"2024-07-01T08:16:02","modified_gmt":"2024-07-01T06:16:02","slug":"panier","status":"publish","type":"page","link":"http:\/\/adventurecommunication.com\/index.php\/panier\/","title":{"rendered":"Panier"},"content":{"rendered":"\n<div data-block-name=\"woocommerce\/cart\" class=\"wp-block-woocommerce-cart alignwide is-loading\">\n<div data-block-name=\"woocommerce\/filled-cart-block\" class=\"wp-block-woocommerce-filled-cart-block\">\n<div data-block-name=\"woocommerce\/cart-items-block\" class=\"wp-block-woocommerce-cart-items-block\">\n<div data-block-name=\"woocommerce\/cart-line-items-block\" class=\"wp-block-woocommerce-cart-line-items-block\"><\/div>\n\n\n\n<div data-block-name=\"woocommerce\/cart-cross-sells-block\" class=\"wp-block-woocommerce-cart-cross-sells-block\">\n<h2 class=\"wp-block-heading has-large-font-size\">\u00c7a peut vous int\u00e9resser&#8230;<\/h2>\n\n\n\n<div data-block-name=\"woocommerce\/cart-cross-sells-products-block\" class=\"wp-block-woocommerce-cart-cross-sells-products-block\"><\/div>\n<\/div>\n<\/div>\n\n\n\n<div data-block-name=\"woocommerce\/cart-totals-block\" class=\"wp-block-woocommerce-cart-totals-block\">\n<div data-block-name=\"woocommerce\/cart-order-summary-block\" class=\"wp-block-woocommerce-cart-order-summary-block\">\n<div data-block-name=\"woocommerce\/cart-order-summary-heading-block\" class=\"wp-block-woocommerce-cart-order-summary-heading-block\"><\/div><div data-block-name=\"woocommerce\/cart-order-summary-coupon-form-block\" class=\"wp-block-woocommerce-cart-order-summary-coupon-form-block\"><\/div><div data-block-name=\"woocommerce\/cart-order-summary-totals-block\" class=\"wp-block-woocommerce-cart-order-summary-totals-block\">\n<div data-block-name=\"woocommerce\/cart-order-summary-subtotal-block\" class=\"wp-block-woocommerce-cart-order-summary-subtotal-block\"><\/div>\n<div data-block-name=\"woocommerce\/cart-order-summary-discount-block\" class=\"wp-block-woocommerce-cart-order-summary-discount-block\"><\/div>\n<div data-block-name=\"woocommerce\/cart-order-summary-fee-block\" class=\"wp-block-woocommerce-cart-order-summary-fee-block\"><\/div>\n<div data-block-name=\"woocommerce\/cart-order-summary-shipping-block\" class=\"wp-block-woocommerce-cart-order-summary-shipping-block\"><\/div>\n<div data-block-name=\"woocommerce\/cart-order-summary-taxes-block\" class=\"wp-block-woocommerce-cart-order-summary-taxes-block\"><\/div><\/div>\n<\/div>\n\n\n\n<div data-block-name=\"woocommerce\/cart-express-payment-block\" class=\"wp-block-woocommerce-cart-express-payment-block\"><\/div>\n\n\n\n<div data-block-name=\"woocommerce\/proceed-to-checkout-block\" class=\"wp-block-woocommerce-proceed-to-checkout-block\"><\/div>\n\n\n\n<div data-block-name=\"woocommerce\/cart-accepted-payment-methods-block\" class=\"wp-block-woocommerce-cart-accepted-payment-methods-block\"><\/div>\n<\/div>\n<\/div>\n\n\n\n<div data-block-name=\"woocommerce\/empty-cart-block\" class=\"wp-block-woocommerce-empty-cart-block\">\n<h2 class=\"wp-block-heading has-text-align-center with-empty-cart-icon wc-block-cart__empty-cart__title\">Votre panier est actuellement vide\u00a0!<\/h2>\n\n\n\n<hr class=\"wp-block-separator has-alpha-channel-opacity is-style-dots\"\/>\n\n\n\n<h2 class=\"wp-block-heading has-text-align-center\">Nouveau dans la boutique<\/h2>\n\n\n<div data-block-name=\"woocommerce\/product-new\" data-columns=\"4\" data-rows=\"1\" class=\"wc-block-grid wp-block-product-new wp-block-woocommerce-product-new wc-block-product-new has-4-columns\"><ul class=\"wc-block-grid__products\"><li class=\"wc-block-grid__product\">\n\t\t\t\t<a href=\"http:\/\/adventurecommunication.com\/index.php\/produit\/lamborghini-huracan-sto-4\/\" class=\"wc-block-grid__product-link\">\n\t\t\t\t\t\n\t\t\t\t\t<div class=\"wc-block-grid__product-image\"><img fetchpriority=\"high\" decoding=\"async\" width=\"640\" height=\"640\" src=\"http:\/\/adventurecommunication.com\/wp-content\/uploads\/2024\/07\/L_sto-1-640x640.jpg\" class=\"attachment-woocommerce_thumbnail size-woocommerce_thumbnail\" alt=\"Lamborghini Hurac\u00e1n STO\" srcset=\"http:\/\/adventurecommunication.com\/wp-content\/uploads\/2024\/07\/L_sto-1-640x640.jpg 640w, http:\/\/adventurecommunication.com\/wp-content\/uploads\/2024\/07\/L_sto-1-150x150.jpg 150w, http:\/\/adventurecommunication.com\/wp-content\/uploads\/2024\/07\/L_sto-1-300x300.jpg 300w, http:\/\/adventurecommunication.com\/wp-content\/uploads\/2024\/07\/L_sto-1-100x100.jpg 100w\" sizes=\"(max-width: 640px) 100vw, 640px\" \/><\/div>\n\t\t\t\t\t<div class=\"wc-block-grid__product-title\">Lamborghini Hurac\u00e1n STO<\/div>\n\t\t\t\t<\/a>\n\t\t\t\t<div class=\"wc-block-grid__product-price price\"><span class=\"woocommerce-Price-amount amount\">20,00&nbsp;<span class=\"woocommerce-Price-currencySymbol\">&euro;<\/span><\/span><\/div>\n\t\t\t\t\n\t\t\t\t<div class=\"wp-block-button wc-block-grid__product-add-to-cart\"><a href=\"\/index.php\/wp-json\/wp\/v2\/pages\/1073?add-to-cart=1228\" aria-label=\"Ajouter au panier\u00a0: &ldquo;Lamborghini Hurac\u00e1n STO&rdquo;\" data-quantity=\"1\" data-product_id=\"1228\" data-product_sku=\"\" data-price=\"20\" rel=\"nofollow\" class=\"wp-block-button__link  add_to_cart_button ajax_add_to_cart\">Ajouter au panier<\/a><\/div>\n\t\t\t<\/li><li class=\"wc-block-grid__product\">\n\t\t\t\t<a href=\"http:\/\/adventurecommunication.com\/index.php\/produit\/audi-r8-2\/\" class=\"wc-block-grid__product-link\">\n\t\t\t\t\t\n\t\t\t\t\t<div class=\"wc-block-grid__product-image\"><img decoding=\"async\" width=\"640\" height=\"640\" src=\"http:\/\/adventurecommunication.com\/wp-content\/uploads\/2024\/07\/posterr8-640x640.jpg\" class=\"attachment-woocommerce_thumbnail size-woocommerce_thumbnail\" alt=\"Audi R8\" srcset=\"http:\/\/adventurecommunication.com\/wp-content\/uploads\/2024\/07\/posterr8-640x640.jpg 640w, http:\/\/adventurecommunication.com\/wp-content\/uploads\/2024\/07\/posterr8-100x100.jpg 100w, http:\/\/adventurecommunication.com\/wp-content\/uploads\/2024\/07\/posterr8-150x150.jpg 150w, http:\/\/adventurecommunication.com\/wp-content\/uploads\/2024\/07\/posterr8-300x300.jpg 300w\" sizes=\"(max-width: 640px) 100vw, 640px\" \/><\/div>\n\t\t\t\t\t<div class=\"wc-block-grid__product-title\">Audi R8<\/div>\n\t\t\t\t<\/a>\n\t\t\t\t<div class=\"wc-block-grid__product-price price\"><span class=\"woocommerce-Price-amount amount\">20,00&nbsp;<span class=\"woocommerce-Price-currencySymbol\">&euro;<\/span><\/span><\/div>\n\t\t\t\t\n\t\t\t\t<div class=\"wp-block-button wc-block-grid__product-add-to-cart\"><a href=\"\/index.php\/wp-json\/wp\/v2\/pages\/1073?add-to-cart=1220\" aria-label=\"Ajouter au panier\u00a0: &ldquo;Audi R8&rdquo;\" data-quantity=\"1\" data-product_id=\"1220\" data-product_sku=\"\" data-price=\"20\" rel=\"nofollow\" class=\"wp-block-button__link  add_to_cart_button ajax_add_to_cart\">Ajouter au panier<\/a><\/div>\n\t\t\t<\/li><li class=\"wc-block-grid__product\">\n\t\t\t\t<a href=\"http:\/\/adventurecommunication.com\/index.php\/produit\/audi-r8\/\" class=\"wc-block-grid__product-link\">\n\t\t\t\t\t\n\t\t\t\t\t<div class=\"wc-block-grid__product-image\"><img decoding=\"async\" width=\"640\" height=\"640\" src=\"http:\/\/adventurecommunication.com\/wp-content\/uploads\/2024\/07\/posterr8audi-640x640.jpg\" class=\"attachment-woocommerce_thumbnail size-woocommerce_thumbnail\" alt=\"Audi R8\" srcset=\"http:\/\/adventurecommunication.com\/wp-content\/uploads\/2024\/07\/posterr8audi-640x640.jpg 640w, http:\/\/adventurecommunication.com\/wp-content\/uploads\/2024\/07\/posterr8audi-100x100.jpg 100w, http:\/\/adventurecommunication.com\/wp-content\/uploads\/2024\/07\/posterr8audi-150x150.jpg 150w, http:\/\/adventurecommunication.com\/wp-content\/uploads\/2024\/07\/posterr8audi-300x300.jpg 300w\" sizes=\"(max-width: 640px) 100vw, 640px\" \/><\/div>\n\t\t\t\t\t<div class=\"wc-block-grid__product-title\">Audi R8<\/div>\n\t\t\t\t<\/a>\n\t\t\t\t<div class=\"wc-block-grid__product-price price\"><span class=\"woocommerce-Price-amount amount\">20,00&nbsp;<span class=\"woocommerce-Price-currencySymbol\">&euro;<\/span><\/span><\/div>\n\t\t\t\t\n\t\t\t\t<div class=\"wp-block-button wc-block-grid__product-add-to-cart\"><a href=\"\/index.php\/wp-json\/wp\/v2\/pages\/1073?add-to-cart=1219\" aria-label=\"Ajouter au panier\u00a0: &ldquo;Audi R8&rdquo;\" data-quantity=\"1\" data-product_id=\"1219\" data-product_sku=\"\" data-price=\"20\" rel=\"nofollow\" class=\"wp-block-button__link  add_to_cart_button ajax_add_to_cart\">Ajouter au panier<\/a><\/div>\n\t\t\t<\/li><li class=\"wc-block-grid__product\">\n\t\t\t\t<a href=\"http:\/\/adventurecommunication.com\/index.php\/produit\/audi-r8-le-mans\/\" class=\"wc-block-grid__product-link\">\n\t\t\t\t\t\n\t\t\t\t\t<div class=\"wc-block-grid__product-image\"><img loading=\"lazy\" decoding=\"async\" width=\"640\" height=\"640\" src=\"http:\/\/adventurecommunication.com\/wp-content\/uploads\/2024\/07\/posterr8lemans-640x640.jpg\" class=\"attachment-woocommerce_thumbnail size-woocommerce_thumbnail\" alt=\"Audi R8 Le Mans\" srcset=\"http:\/\/adventurecommunication.com\/wp-content\/uploads\/2024\/07\/posterr8lemans-640x640.jpg 640w, http:\/\/adventurecommunication.com\/wp-content\/uploads\/2024\/07\/posterr8lemans-100x100.jpg 100w, http:\/\/adventurecommunication.com\/wp-content\/uploads\/2024\/07\/posterr8lemans-150x150.jpg 150w, http:\/\/adventurecommunication.com\/wp-content\/uploads\/2024\/07\/posterr8lemans-300x300.jpg 300w\" sizes=\"(max-width: 640px) 100vw, 640px\" \/><\/div>\n\t\t\t\t\t<div class=\"wc-block-grid__product-title\">Audi R8 Le Mans<\/div>\n\t\t\t\t<\/a>\n\t\t\t\t<div class=\"wc-block-grid__product-price price\"><span class=\"woocommerce-Price-amount amount\">20,00&nbsp;<span class=\"woocommerce-Price-currencySymbol\">&euro;<\/span><\/span><\/div>\n\t\t\t\t\n\t\t\t\t<div class=\"wp-block-button wc-block-grid__product-add-to-cart\"><a href=\"\/index.php\/wp-json\/wp\/v2\/pages\/1073?add-to-cart=1218\" aria-label=\"Ajouter au panier\u00a0: &ldquo;Audi R8 Le Mans&rdquo;\" data-quantity=\"1\" data-product_id=\"1218\" data-product_sku=\"\" data-price=\"20\" rel=\"nofollow\" class=\"wp-block-button__link  add_to_cart_button ajax_add_to_cart\">Ajouter au panier<\/a><\/div>\n\t\t\t<\/li><\/ul><\/div><\/div>\n<\/div>\n","protected":false},"excerpt":{"rendered":"","protected":false},"author":1,"featured_media":0,"parent":0,"menu_order":0,"comment_status":"closed","ping_status":"closed","template":"","meta":{"om_disable_all_campaigns":false,"inline_featured_image":false,"footnotes":""},"class_list":["post-1073","page","type-page","status-publish","hentry"],"yoast_head":"<!-- This site is optimized with the Yoast SEO plugin v27.3 - https:\/\/yoast.com\/product\/yoast-seo-wordpress\/ -->\n<title>Panier - Adventure communication<\/title>\n<meta name=\"description\" content=\"Freelance : R\u00e9alisation vid\u00e9o, photographie, graphisme et WordPress sur Lyon, le Beaujolais, l&#039;Ain et toute la r\u00e9gion Auvergne-Rh\u00f4ne-Alpes.\" \/>\n<meta name=\"robots\" content=\"index, follow, max-snippet:-1, max-image-preview:large, max-video-preview:-1\" \/>\n<link rel=\"canonical\" href=\"http:\/\/adventurecommunication.com\/index.php\/panier\/\" \/>\n<meta property=\"og:locale\" content=\"fr_FR\" \/>\n<meta property=\"og:type\" content=\"article\" \/>\n<meta property=\"og:title\" content=\"Panier - Adventure communication\" \/>\n<meta property=\"og:description\" content=\"Freelance : R\u00e9alisation vid\u00e9o, photographie, graphisme et WordPress sur Lyon, le Beaujolais, l&#039;Ain et toute la r\u00e9gion Auvergne-Rh\u00f4ne-Alpes.\" \/>\n<meta property=\"og:url\" content=\"http:\/\/adventurecommunication.com\/index.php\/panier\/\" \/>\n<meta property=\"og:site_name\" content=\"Adventure communication\" \/>\n<meta property=\"article:publisher\" content=\"https:\/\/www.facebook.com\/profile.php?id=100083773398221\" \/>\n<meta property=\"og:image\" content=\"http:\/\/adventurecommunication.com\/wp-content\/uploads\/2022\/10\/DSC07943-scaled.jpg\" \/>\n\t<meta property=\"og:image:width\" content=\"2560\" \/>\n\t<meta property=\"og:image:height\" content=\"1707\" \/>\n\t<meta property=\"og:image:type\" content=\"image\/jpeg\" \/>\n<meta name=\"twitter:card\" content=\"summary_large_image\" \/>\n<script type=\"application\/ld+json\" class=\"yoast-schema-graph\">{\"@context\":\"https:\\\/\\\/schema.org\",\"@graph\":[{\"@type\":\"WebPage\",\"@id\":\"http:\\\/\\\/adventurecommunication.com\\\/index.php\\\/panier\\\/\",\"url\":\"http:\\\/\\\/adventurecommunication.com\\\/index.php\\\/panier\\\/\",\"name\":\"Panier - Adventure communication\",\"isPartOf\":{\"@id\":\"https:\\\/\\\/adventurecommunication.com\\\/#website\"},\"datePublished\":\"2024-07-01T06:16:02+00:00\",\"description\":\"Freelance : R\u00e9alisation vid\u00e9o, photographie, graphisme et WordPress sur Lyon, le Beaujolais, l'Ain et toute la r\u00e9gion Auvergne-Rh\u00f4ne-Alpes.\",\"breadcrumb\":{\"@id\":\"http:\\\/\\\/adventurecommunication.com\\\/index.php\\\/panier\\\/#breadcrumb\"},\"inLanguage\":\"fr-FR\",\"potentialAction\":[{\"@type\":\"ReadAction\",\"target\":[\"http:\\\/\\\/adventurecommunication.com\\\/index.php\\\/panier\\\/\"]}]},{\"@type\":\"BreadcrumbList\",\"@id\":\"http:\\\/\\\/adventurecommunication.com\\\/index.php\\\/panier\\\/#breadcrumb\",\"itemListElement\":[{\"@type\":\"ListItem\",\"position\":1,\"name\":\"Accueil\",\"item\":\"https:\\\/\\\/adventurecommunication.com\\\/\"},{\"@type\":\"ListItem\",\"position\":2,\"name\":\"Panier\"}]},{\"@type\":\"WebSite\",\"@id\":\"https:\\\/\\\/adventurecommunication.com\\\/#website\",\"url\":\"https:\\\/\\\/adventurecommunication.com\\\/\",\"name\":\"Adventure communication\",\"description\":\"Vivez votre aventure\",\"publisher\":{\"@id\":\"https:\\\/\\\/adventurecommunication.com\\\/#organization\"},\"potentialAction\":[{\"@type\":\"SearchAction\",\"target\":{\"@type\":\"EntryPoint\",\"urlTemplate\":\"https:\\\/\\\/adventurecommunication.com\\\/?s={search_term_string}\"},\"query-input\":{\"@type\":\"PropertyValueSpecification\",\"valueRequired\":true,\"valueName\":\"search_term_string\"}}],\"inLanguage\":\"fr-FR\"},{\"@type\":\"Organization\",\"@id\":\"https:\\\/\\\/adventurecommunication.com\\\/#organization\",\"name\":\"Adventure Communication\",\"url\":\"https:\\\/\\\/adventurecommunication.com\\\/\",\"logo\":{\"@type\":\"ImageObject\",\"inLanguage\":\"fr-FR\",\"@id\":\"https:\\\/\\\/adventurecommunication.com\\\/#\\\/schema\\\/logo\\\/image\\\/\",\"url\":\"http:\\\/\\\/adventurecommunication.com\\\/wp-content\\\/uploads\\\/2022\\\/10\\\/Adventure_icon.jpg\",\"contentUrl\":\"http:\\\/\\\/adventurecommunication.com\\\/wp-content\\\/uploads\\\/2022\\\/10\\\/Adventure_icon.jpg\",\"width\":512,\"height\":512,\"caption\":\"Adventure Communication\"},\"image\":{\"@id\":\"https:\\\/\\\/adventurecommunication.com\\\/#\\\/schema\\\/logo\\\/image\\\/\"},\"sameAs\":[\"https:\\\/\\\/www.facebook.com\\\/profile.php?id=100083773398221\",\"https:\\\/\\\/www.youtube.com\\\/channel\\\/UCs6Z7aQND2ypC6eGsdFLXsA\",\"https:\\\/\\\/www.instagram.com\\\/adventure.communication\\\/\",\"https:\\\/\\\/www.linkedin.com\\\/company\\\/adventurecomunication\\\/\"]}]}<\/script>\n<!-- \/ Yoast SEO plugin. -->","yoast_head_json":{"title":"Panier - Adventure communication","description":"Freelance : R\u00e9alisation vid\u00e9o, photographie, graphisme et WordPress sur Lyon, le Beaujolais, l'Ain et toute la r\u00e9gion Auvergne-Rh\u00f4ne-Alpes.","robots":{"index":"index","follow":"follow","max-snippet":"max-snippet:-1","max-image-preview":"max-image-preview:large","max-video-preview":"max-video-preview:-1"},"canonical":"http:\/\/adventurecommunication.com\/index.php\/panier\/","og_locale":"fr_FR","og_type":"article","og_title":"Panier - Adventure communication","og_description":"Freelance : R\u00e9alisation vid\u00e9o, photographie, graphisme et WordPress sur Lyon, le Beaujolais, l'Ain et toute la r\u00e9gion Auvergne-Rh\u00f4ne-Alpes.","og_url":"http:\/\/adventurecommunication.com\/index.php\/panier\/","og_site_name":"Adventure communication","article_publisher":"https:\/\/www.facebook.com\/profile.php?id=100083773398221","og_image":[{"width":2560,"height":1707,"url":"http:\/\/adventurecommunication.com\/wp-content\/uploads\/2022\/10\/DSC07943-scaled.jpg","type":"image\/jpeg"}],"twitter_card":"summary_large_image","schema":{"@context":"https:\/\/schema.org","@graph":[{"@type":"WebPage","@id":"http:\/\/adventurecommunication.com\/index.php\/panier\/","url":"http:\/\/adventurecommunication.com\/index.php\/panier\/","name":"Panier - Adventure communication","isPartOf":{"@id":"https:\/\/adventurecommunication.com\/#website"},"datePublished":"2024-07-01T06:16:02+00:00","description":"Freelance : R\u00e9alisation vid\u00e9o, photographie, graphisme et WordPress sur Lyon, le Beaujolais, l'Ain et toute la r\u00e9gion Auvergne-Rh\u00f4ne-Alpes.","breadcrumb":{"@id":"http:\/\/adventurecommunication.com\/index.php\/panier\/#breadcrumb"},"inLanguage":"fr-FR","potentialAction":[{"@type":"ReadAction","target":["http:\/\/adventurecommunication.com\/index.php\/panier\/"]}]},{"@type":"BreadcrumbList","@id":"http:\/\/adventurecommunication.com\/index.php\/panier\/#breadcrumb","itemListElement":[{"@type":"ListItem","position":1,"name":"Accueil","item":"https:\/\/adventurecommunication.com\/"},{"@type":"ListItem","position":2,"name":"Panier"}]},{"@type":"WebSite","@id":"https:\/\/adventurecommunication.com\/#website","url":"https:\/\/adventurecommunication.com\/","name":"Adventure communication","description":"Vivez votre aventure","publisher":{"@id":"https:\/\/adventurecommunication.com\/#organization"},"potentialAction":[{"@type":"SearchAction","target":{"@type":"EntryPoint","urlTemplate":"https:\/\/adventurecommunication.com\/?s={search_term_string}"},"query-input":{"@type":"PropertyValueSpecification","valueRequired":true,"valueName":"search_term_string"}}],"inLanguage":"fr-FR"},{"@type":"Organization","@id":"https:\/\/adventurecommunication.com\/#organization","name":"Adventure Communication","url":"https:\/\/adventurecommunication.com\/","logo":{"@type":"ImageObject","inLanguage":"fr-FR","@id":"https:\/\/adventurecommunication.com\/#\/schema\/logo\/image\/","url":"http:\/\/adventurecommunication.com\/wp-content\/uploads\/2022\/10\/Adventure_icon.jpg","contentUrl":"http:\/\/adventurecommunication.com\/wp-content\/uploads\/2022\/10\/Adventure_icon.jpg","width":512,"height":512,"caption":"Adventure Communication"},"image":{"@id":"https:\/\/adventurecommunication.com\/#\/schema\/logo\/image\/"},"sameAs":["https:\/\/www.facebook.com\/profile.php?id=100083773398221","https:\/\/www.youtube.com\/channel\/UCs6Z7aQND2ypC6eGsdFLXsA","https:\/\/www.instagram.com\/adventure.communication\/","https:\/\/www.linkedin.com\/company\/adventurecomunication\/"]}]}},"jetpack_sharing_enabled":true,"_links":{"self":[{"href":"http:\/\/adventurecommunication.com\/index.php\/wp-json\/wp\/v2\/pages\/1073","targetHints":{"allow":["GET"]}}],"collection":[{"href":"http:\/\/adventurecommunication.com\/index.php\/wp-json\/wp\/v2\/pages"}],"about":[{"href":"http:\/\/adventurecommunication.com\/index.php\/wp-json\/wp\/v2\/types\/page"}],"author":[{"embeddable":true,"href":"http:\/\/adventurecommunication.com\/index.php\/wp-json\/wp\/v2\/users\/1"}],"replies":[{"embeddable":true,"href":"http:\/\/adventurecommunication.com\/index.php\/wp-json\/wp\/v2\/comments?post=1073"}],"version-history":[{"count":0,"href":"http:\/\/adventurecommunication.com\/index.php\/wp-json\/wp\/v2\/pages\/1073\/revisions"}],"wp:attachment":[{"href":"http:\/\/adventurecommunication.com\/index.php\/wp-json\/wp\/v2\/media?parent=1073"}],"curies":[{"name":"wp","href":"https:\/\/api.w.org\/{rel}","templated":true}]}}