{"id":105,"date":"2020-01-24T17:09:09","date_gmt":"2020-01-24T17:09:09","guid":{"rendered":"https:\/\/demo.shadow-themes.com\/wp\/ashade\/?page_id=105"},"modified":"2026-03-24T11:49:21","modified_gmt":"2026-03-24T10:49:21","slug":"accueil","status":"publish","type":"page","link":"http:\/\/adventurecommunication.com\/","title":{"rendered":"Accueil"},"content":{"rendered":"","protected":false},"excerpt":{"rendered":"","protected":false},"author":1,"featured_media":1229,"parent":0,"menu_order":0,"comment_status":"closed","ping_status":"closed","template":"page-home.php","meta":{"om_disable_all_campaigns":false,"inline_featured_image":false,"footnotes":""},"class_list":["post-105","page","type-page","status-publish","has-post-thumbnail","hentry"],"yoast_head":"<!-- This site is optimized with the Yoast SEO plugin v27.3 - https:\/\/yoast.com\/product\/yoast-seo-wordpress\/ -->\n<title>Vid\u00e9aste &amp; graphiste freelance \u2013 Lyon, Beaujolais, Ain<\/title>\n<meta name=\"description\" content=\"Freelance : R\u00e9alisation vid\u00e9o, photographie, graphisme et WordPress sur Lyon, le Beaujolais, l&#039;Ain et toute la r\u00e9gion Auvergne-Rh\u00f4ne-Alpes.\" \/>\n<meta name=\"robots\" content=\"index, follow, max-snippet:-1, max-image-preview:large, max-video-preview:-1\" \/>\n<link rel=\"canonical\" href=\"https:\/\/adventurecommunication.com\/accueil\" \/>\n<meta property=\"og:locale\" content=\"fr_FR\" \/>\n<meta property=\"og:type\" content=\"article\" \/>\n<meta property=\"og:title\" content=\"Vid\u00e9aste &amp; graphiste freelance \u2013 Lyon, Beaujolais, Ain\" \/>\n<meta property=\"og:description\" content=\"Freelance : R\u00e9alisation vid\u00e9o, photographie, graphisme et WordPress sur Lyon, le Beaujolais, l&#039;Ain et toute la r\u00e9gion Auvergne-Rh\u00f4ne-Alpes.\" \/>\n<meta property=\"og:url\" content=\"https:\/\/adventurecommunication.com\/accueil\" \/>\n<meta property=\"og:site_name\" content=\"Adventure communication\" \/>\n<meta property=\"article:publisher\" content=\"https:\/\/www.facebook.com\/profile.php?id=100083773398221\" \/>\n<meta property=\"article:modified_time\" content=\"2026-03-24T10:49:21+00:00\" \/>\n<meta property=\"og:image\" content=\"https:\/\/adventurecommunication.com\/wp-content\/uploads\/2022\/11\/tmp_6258a616-cf1d-45e4-8961-c8d3fdd3cf7c.png\" \/>\n\t<meta property=\"og:image:width\" content=\"1920\" \/>\n\t<meta property=\"og:image:height\" content=\"1080\" \/>\n\t<meta property=\"og:image:type\" content=\"image\/png\" \/>\n<meta name=\"twitter:card\" content=\"summary_large_image\" \/>\n<meta name=\"twitter:image\" content=\"http:\/\/adventurecommunication.com\/wp-content\/uploads\/2022\/11\/tmp_6258a616-cf1d-45e4-8961-c8d3fdd3cf7c.png\" \/>\n<meta name=\"twitter:label1\" content=\"Dur\u00e9e de lecture estim\u00e9e\" \/>\n\t<meta name=\"twitter:data1\" content=\"1 minute\" \/>\n<script type=\"application\/ld+json\" class=\"yoast-schema-graph\">{\"@context\":\"https:\\\/\\\/schema.org\",\"@graph\":[{\"@type\":\"WebPage\",\"@id\":\"https:\\\/\\\/adventurecommunication.com\\\/\",\"url\":\"https:\\\/\\\/adventurecommunication.com\\\/accueil\",\"name\":\"Vid\u00e9aste & graphiste freelance \u2013 Lyon, Beaujolais, Ain\",\"isPartOf\":{\"@id\":\"https:\\\/\\\/adventurecommunication.com\\\/#website\"},\"primaryImageOfPage\":{\"@id\":\"https:\\\/\\\/adventurecommunication.com\\\/accueil#primaryimage\"},\"image\":{\"@id\":\"https:\\\/\\\/adventurecommunication.com\\\/accueil#primaryimage\"},\"thumbnailUrl\":\"http:\\\/\\\/adventurecommunication.com\\\/wp-content\\\/uploads\\\/2024\\\/07\\\/l_sto-scaled.jpg\",\"datePublished\":\"2020-01-24T17:09:09+00:00\",\"dateModified\":\"2026-03-24T10:49:21+00:00\",\"description\":\"Freelance : R\u00e9alisation vid\u00e9o, photographie, graphisme et WordPress sur Lyon, le Beaujolais, l'Ain et toute la r\u00e9gion Auvergne-Rh\u00f4ne-Alpes.\",\"breadcrumb\":{\"@id\":\"https:\\\/\\\/adventurecommunication.com\\\/accueil#breadcrumb\"},\"inLanguage\":\"fr-FR\",\"potentialAction\":[{\"@type\":\"ReadAction\",\"target\":[\"https:\\\/\\\/adventurecommunication.com\\\/accueil\"]}]},{\"@type\":\"ImageObject\",\"inLanguage\":\"fr-FR\",\"@id\":\"https:\\\/\\\/adventurecommunication.com\\\/accueil#primaryimage\",\"url\":\"http:\\\/\\\/adventurecommunication.com\\\/wp-content\\\/uploads\\\/2024\\\/07\\\/l_sto-scaled.jpg\",\"contentUrl\":\"http:\\\/\\\/adventurecommunication.com\\\/wp-content\\\/uploads\\\/2024\\\/07\\\/l_sto-scaled.jpg\",\"width\":1829,\"height\":2560},{\"@type\":\"BreadcrumbList\",\"@id\":\"https:\\\/\\\/adventurecommunication.com\\\/accueil#breadcrumb\",\"itemListElement\":[{\"@type\":\"ListItem\",\"position\":1,\"name\":\"Accueil\",\"item\":\"https:\\\/\\\/adventurecommunication.com\\\/\"},{\"@type\":\"ListItem\",\"position\":2,\"name\":\"Accueil\"}]},{\"@type\":\"WebSite\",\"@id\":\"https:\\\/\\\/adventurecommunication.com\\\/#website\",\"url\":\"https:\\\/\\\/adventurecommunication.com\\\/\",\"name\":\"Adventure communication\",\"description\":\"Vivez votre aventure\",\"publisher\":{\"@id\":\"https:\\\/\\\/adventurecommunication.com\\\/#organization\"},\"potentialAction\":[{\"@type\":\"SearchAction\",\"target\":{\"@type\":\"EntryPoint\",\"urlTemplate\":\"https:\\\/\\\/adventurecommunication.com\\\/?s={search_term_string}\"},\"query-input\":{\"@type\":\"PropertyValueSpecification\",\"valueRequired\":true,\"valueName\":\"search_term_string\"}}],\"inLanguage\":\"fr-FR\"},{\"@type\":\"Organization\",\"@id\":\"https:\\\/\\\/adventurecommunication.com\\\/#organization\",\"name\":\"Adventure Communication\",\"url\":\"https:\\\/\\\/adventurecommunication.com\\\/\",\"logo\":{\"@type\":\"ImageObject\",\"inLanguage\":\"fr-FR\",\"@id\":\"https:\\\/\\\/adventurecommunication.com\\\/#\\\/schema\\\/logo\\\/image\\\/\",\"url\":\"http:\\\/\\\/adventurecommunication.com\\\/wp-content\\\/uploads\\\/2022\\\/10\\\/Adventure_icon.jpg\",\"contentUrl\":\"http:\\\/\\\/adventurecommunication.com\\\/wp-content\\\/uploads\\\/2022\\\/10\\\/Adventure_icon.jpg\",\"width\":512,\"height\":512,\"caption\":\"Adventure Communication\"},\"image\":{\"@id\":\"https:\\\/\\\/adventurecommunication.com\\\/#\\\/schema\\\/logo\\\/image\\\/\"},\"sameAs\":[\"https:\\\/\\\/www.facebook.com\\\/profile.php?id=100083773398221\",\"https:\\\/\\\/www.youtube.com\\\/channel\\\/UCs6Z7aQND2ypC6eGsdFLXsA\",\"https:\\\/\\\/www.instagram.com\\\/adventure.communication\\\/\",\"https:\\\/\\\/www.linkedin.com\\\/company\\\/adventurecomunication\\\/\"]}]}<\/script>\n<!-- \/ Yoast SEO plugin. -->","yoast_head_json":{"title":"Vid\u00e9aste & graphiste freelance \u2013 Lyon, Beaujolais, Ain","description":"Freelance : R\u00e9alisation vid\u00e9o, photographie, graphisme et WordPress sur Lyon, le Beaujolais, l'Ain et toute la r\u00e9gion Auvergne-Rh\u00f4ne-Alpes.","robots":{"index":"index","follow":"follow","max-snippet":"max-snippet:-1","max-image-preview":"max-image-preview:large","max-video-preview":"max-video-preview:-1"},"canonical":"https:\/\/adventurecommunication.com\/accueil","og_locale":"fr_FR","og_type":"article","og_title":"Vid\u00e9aste & graphiste freelance \u2013 Lyon, Beaujolais, Ain","og_description":"Freelance : R\u00e9alisation vid\u00e9o, photographie, graphisme et WordPress sur Lyon, le Beaujolais, l'Ain et toute la r\u00e9gion Auvergne-Rh\u00f4ne-Alpes.","og_url":"https:\/\/adventurecommunication.com\/accueil","og_site_name":"Adventure communication","article_publisher":"https:\/\/www.facebook.com\/profile.php?id=100083773398221","article_modified_time":"2026-03-24T10:49:21+00:00","og_image":[{"width":1920,"height":1080,"url":"https:\/\/adventurecommunication.com\/wp-content\/uploads\/2022\/11\/tmp_6258a616-cf1d-45e4-8961-c8d3fdd3cf7c.png","type":"image\/png"}],"twitter_card":"summary_large_image","twitter_image":"http:\/\/adventurecommunication.com\/wp-content\/uploads\/2022\/11\/tmp_6258a616-cf1d-45e4-8961-c8d3fdd3cf7c.png","twitter_misc":{"Dur\u00e9e de lecture estim\u00e9e":"1 minute"},"schema":{"@context":"https:\/\/schema.org","@graph":[{"@type":"WebPage","@id":"https:\/\/adventurecommunication.com\/","url":"https:\/\/adventurecommunication.com\/accueil","name":"Vid\u00e9aste & graphiste freelance \u2013 Lyon, Beaujolais, Ain","isPartOf":{"@id":"https:\/\/adventurecommunication.com\/#website"},"primaryImageOfPage":{"@id":"https:\/\/adventurecommunication.com\/accueil#primaryimage"},"image":{"@id":"https:\/\/adventurecommunication.com\/accueil#primaryimage"},"thumbnailUrl":"http:\/\/adventurecommunication.com\/wp-content\/uploads\/2024\/07\/l_sto-scaled.jpg","datePublished":"2020-01-24T17:09:09+00:00","dateModified":"2026-03-24T10:49:21+00:00","description":"Freelance : R\u00e9alisation vid\u00e9o, photographie, graphisme et WordPress sur Lyon, le Beaujolais, l'Ain et toute la r\u00e9gion Auvergne-Rh\u00f4ne-Alpes.","breadcrumb":{"@id":"https:\/\/adventurecommunication.com\/accueil#breadcrumb"},"inLanguage":"fr-FR","potentialAction":[{"@type":"ReadAction","target":["https:\/\/adventurecommunication.com\/accueil"]}]},{"@type":"ImageObject","inLanguage":"fr-FR","@id":"https:\/\/adventurecommunication.com\/accueil#primaryimage","url":"http:\/\/adventurecommunication.com\/wp-content\/uploads\/2024\/07\/l_sto-scaled.jpg","contentUrl":"http:\/\/adventurecommunication.com\/wp-content\/uploads\/2024\/07\/l_sto-scaled.jpg","width":1829,"height":2560},{"@type":"BreadcrumbList","@id":"https:\/\/adventurecommunication.com\/accueil#breadcrumb","itemListElement":[{"@type":"ListItem","position":1,"name":"Accueil","item":"https:\/\/adventurecommunication.com\/"},{"@type":"ListItem","position":2,"name":"Accueil"}]},{"@type":"WebSite","@id":"https:\/\/adventurecommunication.com\/#website","url":"https:\/\/adventurecommunication.com\/","name":"Adventure communication","description":"Vivez votre aventure","publisher":{"@id":"https:\/\/adventurecommunication.com\/#organization"},"potentialAction":[{"@type":"SearchAction","target":{"@type":"EntryPoint","urlTemplate":"https:\/\/adventurecommunication.com\/?s={search_term_string}"},"query-input":{"@type":"PropertyValueSpecification","valueRequired":true,"valueName":"search_term_string"}}],"inLanguage":"fr-FR"},{"@type":"Organization","@id":"https:\/\/adventurecommunication.com\/#organization","name":"Adventure Communication","url":"https:\/\/adventurecommunication.com\/","logo":{"@type":"ImageObject","inLanguage":"fr-FR","@id":"https:\/\/adventurecommunication.com\/#\/schema\/logo\/image\/","url":"http:\/\/adventurecommunication.com\/wp-content\/uploads\/2022\/10\/Adventure_icon.jpg","contentUrl":"http:\/\/adventurecommunication.com\/wp-content\/uploads\/2022\/10\/Adventure_icon.jpg","width":512,"height":512,"caption":"Adventure Communication"},"image":{"@id":"https:\/\/adventurecommunication.com\/#\/schema\/logo\/image\/"},"sameAs":["https:\/\/www.facebook.com\/profile.php?id=100083773398221","https:\/\/www.youtube.com\/channel\/UCs6Z7aQND2ypC6eGsdFLXsA","https:\/\/www.instagram.com\/adventure.communication\/","https:\/\/www.linkedin.com\/company\/adventurecomunication\/"]}]}},"jetpack_sharing_enabled":true,"_links":{"self":[{"href":"http:\/\/adventurecommunication.com\/index.php\/wp-json\/wp\/v2\/pages\/105","targetHints":{"allow":["GET"]}}],"collection":[{"href":"http:\/\/adventurecommunication.com\/index.php\/wp-json\/wp\/v2\/pages"}],"about":[{"href":"http:\/\/adventurecommunication.com\/index.php\/wp-json\/wp\/v2\/types\/page"}],"author":[{"embeddable":true,"href":"http:\/\/adventurecommunication.com\/index.php\/wp-json\/wp\/v2\/users\/1"}],"replies":[{"embeddable":true,"href":"http:\/\/adventurecommunication.com\/index.php\/wp-json\/wp\/v2\/comments?post=105"}],"version-history":[{"count":3,"href":"http:\/\/adventurecommunication.com\/index.php\/wp-json\/wp\/v2\/pages\/105\/revisions"}],"predecessor-version":[{"id":911,"href":"http:\/\/adventurecommunication.com\/index.php\/wp-json\/wp\/v2\/pages\/105\/revisions\/911"}],"wp:featuredmedia":[{"embeddable":true,"href":"http:\/\/adventurecommunication.com\/index.php\/wp-json\/wp\/v2\/media\/1229"}],"wp:attachment":[{"href":"http:\/\/adventurecommunication.com\/index.php\/wp-json\/wp\/v2\/media?parent=105"}],"curies":[{"name":"wp","href":"https:\/\/api.w.org\/{rel}","templated":true}]}}